{"id":258469,"date":"2022-07-05T11:09:52","date_gmt":"2022-07-05T09:09:52","guid":{"rendered":"https:\/\/bsmc.cultura.gov.it\/services-aux-lecteurs\/"},"modified":"2024-12-03T12:23:02","modified_gmt":"2024-12-03T11:23:02","slug":"services-aux-lecteurs","status":"publish","type":"page","link":"https:\/\/bsmc.cultura.gov.it\/fr\/services-aux-lecteurs\/","title":{"rendered":"SERVICES AUX LECTEURS"},"content":{"rendered":"<p>[et_pb_section fb_built=\u00a0\u00bb1&Prime; admin_label=\u00a0\u00bbHero\u00a0\u00bb _builder_version=\u00a0\u00bb4.17.4&Prime; _module_preset=\u00a0\u00bbdefault\u00a0\u00bb background_color=\u00a0\u00bb#084666&Prime; use_background_color_gradient=\u00a0\u00bbon\u00a0\u00bb background_color_gradient_direction=\u00a0\u00bb170deg\u00a0\u00bb background_color_gradient_stops=\u00a0\u00bb#002e4f 1%|rgba(8,70,102,0.8) 100%\u00a0\u00bb background_color_gradient_overlays_image=\u00a0\u00bbon\u00a0\u00bb background_color_gradient_start=\u00a0\u00bb#002e4f\u00a0\u00bb background_color_gradient_start_position=\u00a0\u00bb1%\u00a0\u00bb background_color_gradient_end=\u00a0\u00bbrgba(8,70,102,0.8)\u00a0\u00bb background_image=\u00a0\u00bbhttp:\/\/bsmc.cultura.gov.it\/wp-content\/uploads\/2022\/06\/biblioteca.jpg\u00a0\u00bb custom_padding=\u00a0\u00bb|||\u00a0\u00bb global_colors_info=\u00a0\u00bb{}\u00a0\u00bb][et_pb_row _builder_version=\u00a0\u00bb4.16&Prime; _module_preset=\u00a0\u00bbdefault\u00a0\u00bb background_size=\u00a0\u00bbinitial\u00a0\u00bb background_position=\u00a0\u00bbtop_left\u00a0\u00bb background_repeat=\u00a0\u00bbrepeat\u00a0\u00bb custom_padding=\u00a0\u00bb27px|0px|27px|0px|false|false\u00a0\u00bb global_colors_info=\u00a0\u00bb{}\u00a0\u00bb][et_pb_column type=\u00a0\u00bb4_4&Prime; _builder_version=\u00a0\u00bb4.16&Prime; _module_preset=\u00a0\u00bbdefault\u00a0\u00bb custom_padding=\u00a0\u00bb|||\u00a0\u00bb global_colors_info=\u00a0\u00bb{}\u00a0\u00bb custom_padding__hover=\u00a0\u00bb|||\u00a0\u00bb][et_pb_text _builder_version=\u00a0\u00bb4.17.4&Prime; _module_preset=\u00a0\u00bbdefault\u00a0\u00bb text_font=\u00a0\u00bb||||||||\u00a0\u00bb text_font_size=\u00a0\u00bb20px\u00a0\u00bb text_line_height=\u00a0\u00bb1.8em\u00a0\u00bb header_font=\u00a0\u00bbOpen Sans|800|||||||\u00a0\u00bb header_font_size=\u00a0\u00bb60px\u00a0\u00bb header_line_height=\u00a0\u00bb1.3em\u00a0\u00bb background_size=\u00a0\u00bbinitial\u00a0\u00bb background_position=\u00a0\u00bbtop_left\u00a0\u00bb background_repeat=\u00a0\u00bbrepeat\u00a0\u00bb background_layout=\u00a0\u00bbdark\u00a0\u00bb max_width=\u00a0\u00bb600px\u00a0\u00bb custom_margin=\u00a0\u00bb|||\u00a0\u00bb custom_margin_tablet=\u00a0\u00bb|100px||\u00a0\u00bb custom_margin_phone=\u00a0\u00bb|30px||\u00a0\u00bb custom_margin_last_edited=\u00a0\u00bboff|desktop\u00a0\u00bb hover_enabled=\u00a0\u00bb0&Prime; header_font_size_tablet=\u00a0\u00bb50px\u00a0\u00bb header_font_size_phone=\u00a0\u00bb40px\u00a0\u00bb header_font_size_last_edited=\u00a0\u00bbon|phone\u00a0\u00bb header_line_height_tablet=\u00a0\u00bb\u00a0\u00bb header_line_height_phone=\u00a0\u00bb\u00a0\u00bb header_line_height_last_edited=\u00a0\u00bbon|desktop\u00a0\u00bb global_colors_info=\u00a0\u00bb{}\u00a0\u00bb sticky_enabled=\u00a0\u00bb0&Prime;]<\/p>\n<h1>Services aux lecteurs<\/h1>\n<p>Histoire, patrimoine, services<\/p>\n<p>[\/et_pb_text][\/et_pb_column][\/et_pb_row][\/et_pb_section][et_pb_section fb_built=\u00a0\u00bb1&Prime; custom_padding_last_edited=\u00a0\u00bboff|desktop\u00a0\u00bb admin_label=\u00a0\u00bbStatistics\u00a0\u00bb _builder_version=\u00a0\u00bb4.16&Prime; _module_preset=\u00a0\u00bbdefault\u00a0\u00bb background_color=\u00a0\u00bb#f6f8fa\u00a0\u00bb custom_padding=\u00a0\u00bb54px|0px|54px|0px|false|false\u00a0\u00bb custom_padding_phone=\u00a0\u00bb50px||50px|\u00a0\u00bb global_colors_info=\u00a0\u00bb{}\u00a0\u00bb][et_pb_row _builder_version=\u00a0\u00bb4.16&Prime; _module_preset=\u00a0\u00bbdefault\u00a0\u00bb custom_padding=\u00a0\u00bb27px|0px|0|0px|false|false\u00a0\u00bb global_colors_info=\u00a0\u00bb{}\u00a0\u00bb][et_pb_column type=\u00a0\u00bb4_4&Prime; _builder_version=\u00a0\u00bb4.16&Prime; _module_preset=\u00a0\u00bbdefault\u00a0\u00bb custom_padding=\u00a0\u00bb|||\u00a0\u00bb global_colors_info=\u00a0\u00bb{}\u00a0\u00bb custom_padding__hover=\u00a0\u00bb|||\u00a0\u00bb][et_pb_text _builder_version=\u00a0\u00bb4.17.4&Prime; _module_preset=\u00a0\u00bbdefault\u00a0\u00bb text_font=\u00a0\u00bb||||||||\u00a0\u00bb text_font_size=\u00a0\u00bb16px\u00a0\u00bb text_line_height=\u00a0\u00bb2em\u00a0\u00bb header_font=\u00a0\u00bb||||||||\u00a0\u00bb header_2_font=\u00a0\u00bbMontserrat|800|||||||\u00a0\u00bb header_2_font_size=\u00a0\u00bb30px\u00a0\u00bb header_2_line_height=\u00a0\u00bb1.5em\u00a0\u00bb header_3_font=\u00a0\u00bb||||||||\u00a0\u00bb header_4_font=\u00a0\u00bb||||||||\u00a0\u00bb max_width_tablet=\u00a0\u00bb700px\u00a0\u00bb max_width_phone=\u00a0\u00bb700px\u00a0\u00bb max_width_last_edited=\u00a0\u00bboff|desktop\u00a0\u00bb custom_margin=\u00a0\u00bb||-1px|||\u00a0\u00bb custom_margin_tablet=\u00a0\u00bb|0px||\u00a0\u00bb custom_margin_phone=\u00a0\u00bb|0px||\u00a0\u00bb custom_margin_last_edited=\u00a0\u00bboff|desktop\u00a0\u00bb custom_padding=\u00a0\u00bb20px|||\u00a0\u00bb header_2_font_size_tablet=\u00a0\u00bb30px\u00a0\u00bb header_2_font_size_phone=\u00a0\u00bb20px\u00a0\u00bb header_2_font_size_last_edited=\u00a0\u00bbon|phone\u00a0\u00bb border_color_all=\u00a0\u00bb#E02B20&Prime; border_width_top=\u00a0\u00bb2px\u00a0\u00bb locked=\u00a0\u00bboff\u00a0\u00bb global_colors_info=\u00a0\u00bb{}\u00a0\u00bb][\/et_pb_text][et_pb_text _builder_version=\u00a0\u00bb4.17.4&Prime; _module_preset=\u00a0\u00bbdefault\u00a0\u00bb global_colors_info=\u00a0\u00bb{}\u00a0\u00bb]<\/p>\n<h2><strong>Services aux lecteurs<\/strong><\/h2>\n<p>[\/et_pb_text][\/et_pb_column][\/et_pb_row][et_pb_row _builder_version=\u00a0\u00bb4.16&Prime; _module_preset=\u00a0\u00bbdefault\u00a0\u00bb custom_padding=\u00a0\u00bb0|0px|27px|0px|false|false\u00a0\u00bb global_colors_info=\u00a0\u00bb{}\u00a0\u00bb][et_pb_column type=\u00a0\u00bb4_4&Prime; _builder_version=\u00a0\u00bb4.16&Prime; _module_preset=\u00a0\u00bbdefault\u00a0\u00bb custom_padding=\u00a0\u00bb|||\u00a0\u00bb global_colors_info=\u00a0\u00bb{}\u00a0\u00bb custom_padding__hover=\u00a0\u00bb|||\u00a0\u00bb][et_pb_text _builder_version=\u00a0\u00bb4.17.4&Prime; _module_preset=\u00a0\u00bbdefault\u00a0\u00bb text_font=\u00a0\u00bb||||||||\u00a0\u00bb text_font_size=\u00a0\u00bb16px\u00a0\u00bb text_line_height=\u00a0\u00bb2em\u00a0\u00bb header_font=\u00a0\u00bb||||||||\u00a0\u00bb header_2_font=\u00a0\u00bbMontserrat|800|||||||\u00a0\u00bb header_2_font_size=\u00a0\u00bb30px\u00a0\u00bb header_2_line_height=\u00a0\u00bb1.5em\u00a0\u00bb header_3_font=\u00a0\u00bb||||||||\u00a0\u00bb header_4_font=\u00a0\u00bb||||||||\u00a0\u00bb max_width_tablet=\u00a0\u00bb700px\u00a0\u00bb max_width_phone=\u00a0\u00bb700px\u00a0\u00bb max_width_last_edited=\u00a0\u00bboff|desktop\u00a0\u00bb custom_margin=\u00a0\u00bb|||\u00a0\u00bb custom_margin_tablet=\u00a0\u00bb|0px||\u00a0\u00bb custom_margin_phone=\u00a0\u00bb|0px||\u00a0\u00bb custom_margin_last_edited=\u00a0\u00bboff|desktop\u00a0\u00bb custom_padding=\u00a0\u00bb10px||||false|false\u00a0\u00bb header_2_font_size_tablet=\u00a0\u00bb30px\u00a0\u00bb header_2_font_size_phone=\u00a0\u00bb20px\u00a0\u00bb header_2_font_size_last_edited=\u00a0\u00bbon|phone\u00a0\u00bb locked=\u00a0\u00bboff\u00a0\u00bb global_colors_info=\u00a0\u00bb{}\u00a0\u00bb]<\/p>\n<h3>Contacts<\/h3>\n<p><b>Adresse<\/b>: Via Michelangelo Caetani 32 &#8211; 00186 Rome<br \/><b>Tel<\/b>: 06\/6828171<br \/><b>Fax<\/b>: 06\/68807662<br \/><b>E-mail<\/b>: <span id=\"cloak21035\"><a href=\"mailto:b-stmo@beniculturali.it\">b-stmo@beniculturali.it<\/a><\/span><\/p>\n<h3>S&rsquo;y rendre<\/h3>\n<p><b>Depuis Termini station<\/b>: BUS: 64\u201440 (express) &#8211;70 &#8211; H&#8211; 170<br \/><b>M\u00e9tro<\/b>: Line B to the Colosseum station, then bus 87, 971 or 81.<br \/><b>Depuis the Airport<\/b>: Train to Trastevere Station, then Tram 8.<\/p>\n<h3>Horaires d&rsquo;ouverture<\/h3>\n<p>Lundi \u2013 Vendredi : 8h30 \u2013 19h30<br \/>Samedi : 8h30 \u2013 13h30<\/p>\n<h3>Demandes de livres<\/h3>\n<p>Lundi \u2013 Vendredi : 8.30am \u2013 6.00pm<br \/>Samedi : 8h30 \u2013 12h<\/p>\n<h3>Des personnes ayant des capacit\u00e9s diff\u00e9rentes<\/h3>\n<p>L&rsquo;acc\u00e8s et l&rsquo;utilisation de la biblioth\u00e8que sont garantis aux personnes handicap\u00e9es en supprimant les barri\u00e8res architecturales. Les salles de lecture sont toutes accessibles aux personnes pr\u00e9sentant diff\u00e9rents handicaps. Des toilettes sont disponibles au rez-de-chauss\u00e9e et au deuxi\u00e8me \u00e9tage, \u00e9quip\u00e9es et accessibles aux personnes handicap\u00e9es physiques<\/p>\n<h3>Acc\u00e8s \u00e0 la biblioth\u00e8que<\/h3>\n<p>L&rsquo;acc\u00e8s \u00e0 la biblioth\u00e8que est ouvert \u00e0 toute personne majeure, munie d&rsquo;une pi\u00e8ce d&rsquo;identit\u00e9 en cours de validit\u00e9. Lors de la premi\u00e8re visite, une inscription est effectu\u00e9e et une carte d&rsquo;acc\u00e8s \u00e0 la biblioth\u00e8que avec photo vous sera remise.<br \/>Un casier est \u00e0 la disposition des usagers o\u00f9 sacs et effets personnels doivent \u00eatre d\u00e9pos\u00e9s. Si vous souhaitez apporter des objets dans la biblioth\u00e8que, vous devez demander une autorisation sp\u00e9cifique.<br \/>Il est permis d&rsquo;apporter des ordinateurs personnels dans la biblioth\u00e8que.<br \/>En cas de besoin, lors de la consultation des documents d\u00e9tenus par la Biblioth\u00e8que, les usagers peuvent apporter des livres ou des photocopies de leurs biens personnels mais uniquement avec une autorisation sp\u00e9cifique.<\/p>\n<h3>Salles de lecture<\/h3>\n<p>TLa biblioth\u00e8que dispose de six salles de consultation accessibles au public, d&rsquo;une capacit\u00e9 totale de 40 places. Chaque salle de consultation est \u00e9quip\u00e9e de prises pour ordinateurs portables et de 4 ordinateurs de biblioth\u00e8que qui donnent acc\u00e8s aux ressources \u00e9lectroniques et aux bases de donn\u00e9es num\u00e9riques de l&rsquo;institut.<br \/>Les salles de lecture disposent d&rsquo;\u00e9tag\u00e8res ouvertes avec des livres et des p\u00e9riodiques qui peuvent \u00eatre consult\u00e9s directement par les lecteurs sans demander une consultation en ligne.<br \/>Les volumes expos\u00e9s sont principalement des textes d&rsquo;histoire g\u00e9n\u00e9rale et de r\u00e9cits nationaux, des encyclop\u00e9dies, des dictionnaires et des vocabulaires, des r\u00e9pertoires bibliographiques, des dictionnaires biographiques, des atlas, des ouvrages g\u00e9n\u00e9raux li\u00e9s \u00e0 l&rsquo;\u00e9tude de l&rsquo;histoire provenant d&rsquo;autres disciplines (telles que les sciences sociales, le droit, la litt\u00e9rature, l&rsquo;art et la philosophie), des revues et des p\u00e9riodiques accompagn\u00e9s de leurs catalogues et index respectifs.<\/p>\n<h3>Salle de presse<\/h3>\n<p>Situ\u00e9e au rez-de-chauss\u00e9e dans la salle de la cour, elle abrite environ 300 journaux italiens et \u00e9trangers du XXe si\u00e8cle, consultables sur papier, microfilms et CD-Rom. Deux postes de travail permettent de naviguer sur Internet pour effectuer des recherches. Les actes du Parlement italien (1848-1987) sont \u00e9galement consultables.<\/p>\n<h3>Services d&#8217;emprunt<\/h3>\n<p>Le nombre maximum de demandes d&#8217;emprunt est de deux, dans la limite de quatre ouvrages. Le pr\u00eat est de quinze jours mais peut \u00eatre prolong\u00e9 d&rsquo;une semaine, \u00e0 condition qu&rsquo;il n&rsquo;y ait pas d&rsquo;autres demandes de r\u00e9servation. Il est interdit de pr\u00eater \u00e0 d&rsquo;autres personnes les ouvrages emprunt\u00e9s.<br \/><b>Pour plus d&rsquo;informations<\/b>: <span id=\"cloak90620\"><a href=\"mailto:b-stmo.prestito@beniculturali.it\">b-stmo.prestito@beniculturali.it<\/a><\/span><\/p>\n<h3>Reproductions<\/h3>\n<p>WAvec autorisation expresse, il est possible de reproduire le mat\u00e9riel bibliographique et documentaire \u00e0 des fins d&rsquo;\u00e9tude ou commerciales. La reproduction ne peut \u00eatre faite que sous format num\u00e9rique.<br \/><b>Pour plus d&rsquo;informations<\/b>: <span id=\"cloak52353\"><a href=\"mailto:b-stmo.fotoriproduzioni@beniculturali.it\">b-stmo.fotoriproduzioni@beniculturali.it<\/a><\/span><\/p>\n<h3>Informations bibliographiques<\/h3>\n<p>Le service d&rsquo;information bibliographique est disponible pendant les heures d&rsquo;ouverture de la Biblioth\u00e8que, pour fournir une assistance et des conseils dans la recherche et la consultation des catalogues imprim\u00e9s et en ligne. Les usagers ont \u00e9galement acc\u00e8s \u00e0 des terminaux informatiques pour effectuer des recherches dans les bases de donn\u00e9es bibliographiques locales et distantes.<br \/>Pour les utilisateurs hors site, un service est disponible pour fournir des informations sur la localisation des documents, des compl\u00e9ments de citations bibliographiques, de courtes suggestions bibliographiques, des indications sur les instituts sp\u00e9cialis\u00e9s dans la recherche historique, des \u00e9claircissements sur les proc\u00e9dures de consultation du catalogue.<br \/>Les demandes peuvent \u00eatre faites par courrier, par fax ou par t\u00e9l\u00e9phone.<br \/><b>Pour plus d&rsquo;informations<\/b>: <span id=\"cloak1031\"><a href=\"mailto:b-stmo.info@beniculturali.it\">b-stmo.info@beniculturali.it<\/a><\/span><\/p>\n<p>[\/et_pb_text][\/et_pb_column][\/et_pb_row][et_pb_row _builder_version=\u00a0\u00bb4.17.4&Prime; _module_preset=\u00a0\u00bbdefault\u00a0\u00bb column_structure=\u00a0\u00bb1_2,1_2&Prime;][et_pb_column _builder_version=\u00a0\u00bb4.17.4&Prime; _module_preset=\u00a0\u00bbdefault\u00a0\u00bb type=\u00a0\u00bb1_2&Prime;][et_pb_button button_text=\u00a0\u00bbHeadquarters\u00a0\u00bb _builder_version=\u00a0\u00bb4.17.4&Prime; _module_preset=\u00a0\u00bbdefault\u00a0\u00bb button_url=\u00a0\u00bb\/headquarters\/\u00a0\u00bb hover_enabled=\u00a0\u00bb0&Prime; sticky_enabled=\u00a0\u00bb0&Prime;][\/et_pb_button][\/et_pb_column][et_pb_column _builder_version=\u00a0\u00bb4.17.4&Prime; _module_preset=\u00a0\u00bbdefault\u00a0\u00bb type=\u00a0\u00bb1_2&Prime;][et_pb_button button_text=\u00a0\u00bbInstitutional tasks\u00a0\u00bb _builder_version=\u00a0\u00bb4.17.4&Prime; _module_preset=\u00a0\u00bbdefault\u00a0\u00bb button_url=\u00a0\u00bb\/institutional-tasks\/\u00a0\u00bb hover_enabled=\u00a0\u00bb0&Prime; sticky_enabled=\u00a0\u00bb0&Prime; button_alignment=\u00a0\u00bbright\u00a0\u00bb][\/et_pb_button][\/et_pb_column][\/et_pb_row][\/et_pb_section]<\/p>\n","protected":false},"excerpt":{"rendered":"<p>[et_pb_section fb_built=\u00a0\u00bb1&Prime; admin_label=\u00a0\u00bbHero\u00a0\u00bb _builder_version=\u00a0\u00bb4.17.4&Prime; _module_preset=\u00a0\u00bbdefault\u00a0\u00bb background_color=\u00a0\u00bb#084666&Prime; use_background_color_gradient=\u00a0\u00bbon\u00a0\u00bb background_color_gradient_direction=\u00a0\u00bb170deg\u00a0\u00bb background_color_gradient_stops=\u00a0\u00bb#002e4f 1%|rgba(8,70,102,0.8) 100%\u00a0\u00bb background_color_gradient_overlays_image=\u00a0\u00bbon\u00a0\u00bb background_color_gradient_start=\u00a0\u00bb#002e4f\u00a0\u00bb background_color_gradient_start_position=\u00a0\u00bb1%\u00a0\u00bb background_color_gradient_end=\u00a0\u00bbrgba(8,70,102,0.8)\u00a0\u00bb background_image=\u00a0\u00bbhttp:\/\/bsmc.cultura.gov.it\/wp-content\/uploads\/2022\/06\/biblioteca.jpg\u00a0\u00bb custom_padding=\u00a0\u00bb|||\u00a0\u00bb global_colors_info=\u00a0\u00bb{}\u00a0\u00bb][et_pb_row _builder_version=\u00a0\u00bb4.16&Prime; _module_preset=\u00a0\u00bbdefault\u00a0\u00bb background_size=\u00a0\u00bbinitial\u00a0\u00bb background_position=\u00a0\u00bbtop_left\u00a0\u00bb background_repeat=\u00a0\u00bbrepeat\u00a0\u00bb custom_padding=\u00a0\u00bb27px|0px|27px|0px|false|false\u00a0\u00bb global_colors_info=\u00a0\u00bb{}\u00a0\u00bb][et_pb_column type=\u00a0\u00bb4_4&Prime; _builder_version=\u00a0\u00bb4.16&Prime; _module_preset=\u00a0\u00bbdefault\u00a0\u00bb custom_padding=\u00a0\u00bb|||\u00a0\u00bb global_colors_info=\u00a0\u00bb{}\u00a0\u00bb [&hellip;]<\/p>\n","protected":false},"author":2,"featured_media":0,"parent":0,"menu_order":0,"comment_status":"closed","ping_status":"closed","template":"","meta":{"_et_pb_use_builder":"","_et_pb_old_content":"","_et_gb_content_width":"","footnotes":""},"class_list":["post-258469","page","type-page","status-publish","hentry"],"yoast_head":"<!-- This site is optimized with the Yoast SEO plugin v27.4 - https:\/\/yoast.com\/product\/yoast-seo-wordpress\/ -->\n<title>SERVICES AUX LECTEURS - Biblioteca di Storia Moderna e Contemporanea<\/title>\n<meta name=\"robots\" content=\"index, follow, max-snippet:-1, max-image-preview:large, max-video-preview:-1\" \/>\n<link rel=\"canonical\" href=\"https:\/\/bsmc.cultura.gov.it\/fr\/services-aux-lecteurs\/\" \/>\n<meta property=\"og:locale\" content=\"fr_FR\" \/>\n<meta property=\"og:type\" content=\"article\" \/>\n<meta property=\"og:title\" content=\"SERVICES AUX LECTEURS - Biblioteca di Storia Moderna e Contemporanea\" \/>\n<meta property=\"og:description\" content=\"[et_pb_section fb_built=\u00a0\u00bb1&Prime; admin_label=\u00a0\u00bbHero\u00a0\u00bb _builder_version=\u00a0\u00bb4.17.4&Prime; _module_preset=\u00a0\u00bbdefault\u00a0\u00bb background_color=\u00a0\u00bb#084666&Prime; use_background_color_gradient=\u00a0\u00bbon\u00a0\u00bb background_color_gradient_direction=\u00a0\u00bb170deg\u00a0\u00bb background_color_gradient_stops=\u00a0\u00bb#002e4f 1%|rgba(8,70,102,0.8) 100%\u00a0\u00bb background_color_gradient_overlays_image=\u00a0\u00bbon\u00a0\u00bb background_color_gradient_start=\u00a0\u00bb#002e4f\u00a0\u00bb background_color_gradient_start_position=\u00a0\u00bb1%\u00a0\u00bb background_color_gradient_end=\u00a0\u00bbrgba(8,70,102,0.8)\u00a0\u00bb background_image=\u00a0\u00bbhttp:\/\/bsmc.cultura.gov.it\/wp-content\/uploads\/2022\/06\/biblioteca.jpg\u00a0\u00bb custom_padding=\u00a0\u00bb|||\u00a0\u00bb global_colors_info=\u00a0\u00bb{}\u00a0\u00bb][et_pb_row _builder_version=\u00a0\u00bb4.16&Prime; _module_preset=\u00a0\u00bbdefault\u00a0\u00bb background_size=\u00a0\u00bbinitial\u00a0\u00bb background_position=\u00a0\u00bbtop_left\u00a0\u00bb background_repeat=\u00a0\u00bbrepeat\u00a0\u00bb custom_padding=\u00a0\u00bb27px|0px|27px|0px|false|false\u00a0\u00bb global_colors_info=\u00a0\u00bb{}\u00a0\u00bb][et_pb_column type=\u00a0\u00bb4_4&Prime; _builder_version=\u00a0\u00bb4.16&Prime; _module_preset=\u00a0\u00bbdefault\u00a0\u00bb custom_padding=\u00a0\u00bb|||\u00a0\u00bb global_colors_info=\u00a0\u00bb{}\u00a0\u00bb [&hellip;]\" \/>\n<meta property=\"og:url\" content=\"https:\/\/bsmc.cultura.gov.it\/fr\/services-aux-lecteurs\/\" \/>\n<meta property=\"og:site_name\" content=\"Biblioteca di Storia Moderna e Contemporanea\" \/>\n<meta property=\"article:modified_time\" content=\"2024-12-03T11:23:02+00:00\" \/>\n<meta name=\"twitter:card\" content=\"summary_large_image\" \/>\n<meta name=\"twitter:label1\" content=\"Dur\u00e9e de lecture estim\u00e9e\" \/>\n\t<meta name=\"twitter:data1\" content=\"7 minutes\" \/>\n<script type=\"application\/ld+json\" class=\"yoast-schema-graph\">{\"@context\":\"https:\\\/\\\/schema.org\",\"@graph\":[{\"@type\":\"WebPage\",\"@id\":\"https:\\\/\\\/bsmc.cultura.gov.it\\\/fr\\\/services-aux-lecteurs\\\/\",\"url\":\"https:\\\/\\\/bsmc.cultura.gov.it\\\/fr\\\/services-aux-lecteurs\\\/\",\"name\":\"SERVICES AUX LECTEURS - Biblioteca di Storia Moderna e Contemporanea\",\"isPartOf\":{\"@id\":\"https:\\\/\\\/bsmc.cultura.gov.it\\\/fr\\\/#website\"},\"datePublished\":\"2022-07-05T09:09:52+00:00\",\"dateModified\":\"2024-12-03T11:23:02+00:00\",\"breadcrumb\":{\"@id\":\"https:\\\/\\\/bsmc.cultura.gov.it\\\/fr\\\/services-aux-lecteurs\\\/#breadcrumb\"},\"inLanguage\":\"fr-FR\",\"potentialAction\":[{\"@type\":\"ReadAction\",\"target\":[\"https:\\\/\\\/bsmc.cultura.gov.it\\\/fr\\\/services-aux-lecteurs\\\/\"]}]},{\"@type\":\"BreadcrumbList\",\"@id\":\"https:\\\/\\\/bsmc.cultura.gov.it\\\/fr\\\/services-aux-lecteurs\\\/#breadcrumb\",\"itemListElement\":[{\"@type\":\"ListItem\",\"position\":1,\"name\":\"Home\",\"item\":\"https:\\\/\\\/bsmc.cultura.gov.it\\\/fr\\\/\"},{\"@type\":\"ListItem\",\"position\":2,\"name\":\"SERVICES AUX LECTEURS\"}]},{\"@type\":\"WebSite\",\"@id\":\"https:\\\/\\\/bsmc.cultura.gov.it\\\/fr\\\/#website\",\"url\":\"https:\\\/\\\/bsmc.cultura.gov.it\\\/fr\\\/\",\"name\":\"Biblioteca di Storia Moderna e Contemporanea\",\"description\":\"DGBID\",\"potentialAction\":[{\"@type\":\"SearchAction\",\"target\":{\"@type\":\"EntryPoint\",\"urlTemplate\":\"https:\\\/\\\/bsmc.cultura.gov.it\\\/fr\\\/?s={search_term_string}\"},\"query-input\":{\"@type\":\"PropertyValueSpecification\",\"valueRequired\":true,\"valueName\":\"search_term_string\"}}],\"inLanguage\":\"fr-FR\"}]}<\/script>\n<!-- \/ Yoast SEO plugin. -->","yoast_head_json":{"title":"SERVICES AUX LECTEURS - Biblioteca di Storia Moderna e Contemporanea","robots":{"index":"index","follow":"follow","max-snippet":"max-snippet:-1","max-image-preview":"max-image-preview:large","max-video-preview":"max-video-preview:-1"},"canonical":"https:\/\/bsmc.cultura.gov.it\/fr\/services-aux-lecteurs\/","og_locale":"fr_FR","og_type":"article","og_title":"SERVICES AUX LECTEURS - Biblioteca di Storia Moderna e Contemporanea","og_description":"[et_pb_section fb_built=\u00a0\u00bb1&Prime; admin_label=\u00a0\u00bbHero\u00a0\u00bb _builder_version=\u00a0\u00bb4.17.4&Prime; _module_preset=\u00a0\u00bbdefault\u00a0\u00bb background_color=\u00a0\u00bb#084666&Prime; use_background_color_gradient=\u00a0\u00bbon\u00a0\u00bb background_color_gradient_direction=\u00a0\u00bb170deg\u00a0\u00bb background_color_gradient_stops=\u00a0\u00bb#002e4f 1%|rgba(8,70,102,0.8) 100%\u00a0\u00bb background_color_gradient_overlays_image=\u00a0\u00bbon\u00a0\u00bb background_color_gradient_start=\u00a0\u00bb#002e4f\u00a0\u00bb background_color_gradient_start_position=\u00a0\u00bb1%\u00a0\u00bb background_color_gradient_end=\u00a0\u00bbrgba(8,70,102,0.8)\u00a0\u00bb background_image=\u00a0\u00bbhttp:\/\/bsmc.cultura.gov.it\/wp-content\/uploads\/2022\/06\/biblioteca.jpg\u00a0\u00bb custom_padding=\u00a0\u00bb|||\u00a0\u00bb global_colors_info=\u00a0\u00bb{}\u00a0\u00bb][et_pb_row _builder_version=\u00a0\u00bb4.16&Prime; _module_preset=\u00a0\u00bbdefault\u00a0\u00bb background_size=\u00a0\u00bbinitial\u00a0\u00bb background_position=\u00a0\u00bbtop_left\u00a0\u00bb background_repeat=\u00a0\u00bbrepeat\u00a0\u00bb custom_padding=\u00a0\u00bb27px|0px|27px|0px|false|false\u00a0\u00bb global_colors_info=\u00a0\u00bb{}\u00a0\u00bb][et_pb_column type=\u00a0\u00bb4_4&Prime; _builder_version=\u00a0\u00bb4.16&Prime; _module_preset=\u00a0\u00bbdefault\u00a0\u00bb custom_padding=\u00a0\u00bb|||\u00a0\u00bb global_colors_info=\u00a0\u00bb{}\u00a0\u00bb [&hellip;]","og_url":"https:\/\/bsmc.cultura.gov.it\/fr\/services-aux-lecteurs\/","og_site_name":"Biblioteca di Storia Moderna e Contemporanea","article_modified_time":"2024-12-03T11:23:02+00:00","twitter_card":"summary_large_image","twitter_misc":{"Dur\u00e9e de lecture estim\u00e9e":"7 minutes"},"schema":{"@context":"https:\/\/schema.org","@graph":[{"@type":"WebPage","@id":"https:\/\/bsmc.cultura.gov.it\/fr\/services-aux-lecteurs\/","url":"https:\/\/bsmc.cultura.gov.it\/fr\/services-aux-lecteurs\/","name":"SERVICES AUX LECTEURS - Biblioteca di Storia Moderna e Contemporanea","isPartOf":{"@id":"https:\/\/bsmc.cultura.gov.it\/fr\/#website"},"datePublished":"2022-07-05T09:09:52+00:00","dateModified":"2024-12-03T11:23:02+00:00","breadcrumb":{"@id":"https:\/\/bsmc.cultura.gov.it\/fr\/services-aux-lecteurs\/#breadcrumb"},"inLanguage":"fr-FR","potentialAction":[{"@type":"ReadAction","target":["https:\/\/bsmc.cultura.gov.it\/fr\/services-aux-lecteurs\/"]}]},{"@type":"BreadcrumbList","@id":"https:\/\/bsmc.cultura.gov.it\/fr\/services-aux-lecteurs\/#breadcrumb","itemListElement":[{"@type":"ListItem","position":1,"name":"Home","item":"https:\/\/bsmc.cultura.gov.it\/fr\/"},{"@type":"ListItem","position":2,"name":"SERVICES AUX LECTEURS"}]},{"@type":"WebSite","@id":"https:\/\/bsmc.cultura.gov.it\/fr\/#website","url":"https:\/\/bsmc.cultura.gov.it\/fr\/","name":"Biblioteca di Storia Moderna e Contemporanea","description":"DGBID","potentialAction":[{"@type":"SearchAction","target":{"@type":"EntryPoint","urlTemplate":"https:\/\/bsmc.cultura.gov.it\/fr\/?s={search_term_string}"},"query-input":{"@type":"PropertyValueSpecification","valueRequired":true,"valueName":"search_term_string"}}],"inLanguage":"fr-FR"}]}},"_links":{"self":[{"href":"https:\/\/bsmc.cultura.gov.it\/fr\/wp-json\/wp\/v2\/pages\/258469","targetHints":{"allow":["GET"]}}],"collection":[{"href":"https:\/\/bsmc.cultura.gov.it\/fr\/wp-json\/wp\/v2\/pages"}],"about":[{"href":"https:\/\/bsmc.cultura.gov.it\/fr\/wp-json\/wp\/v2\/types\/page"}],"author":[{"embeddable":true,"href":"https:\/\/bsmc.cultura.gov.it\/fr\/wp-json\/wp\/v2\/users\/2"}],"replies":[{"embeddable":true,"href":"https:\/\/bsmc.cultura.gov.it\/fr\/wp-json\/wp\/v2\/comments?post=258469"}],"version-history":[{"count":2,"href":"https:\/\/bsmc.cultura.gov.it\/fr\/wp-json\/wp\/v2\/pages\/258469\/revisions"}],"predecessor-version":[{"id":258471,"href":"https:\/\/bsmc.cultura.gov.it\/fr\/wp-json\/wp\/v2\/pages\/258469\/revisions\/258471"}],"wp:attachment":[{"href":"https:\/\/bsmc.cultura.gov.it\/fr\/wp-json\/wp\/v2\/media?parent=258469"}],"curies":[{"name":"wp","href":"https:\/\/api.w.org\/{rel}","templated":true}]}}