{"id":258465,"date":"2022-06-27T15:26:39","date_gmt":"2022-06-27T13:26:39","guid":{"rendered":"https:\/\/bsmc.cultura.gov.it\/pret\/"},"modified":"2024-12-03T15:41:29","modified_gmt":"2024-12-03T14:41:29","slug":"pret","status":"publish","type":"page","link":"https:\/\/bsmc.cultura.gov.it\/fr\/pret\/","title":{"rendered":"PR\u00caT"},"content":{"rendered":"<p>[et_pb_section fb_built=\u00a0\u00bb1&Prime; admin_label=\u00a0\u00bbHero\u00a0\u00bb _builder_version=\u00a0\u00bb4.17.4&Prime; _module_preset=\u00a0\u00bbdefault\u00a0\u00bb background_color=\u00a0\u00bb#084666&Prime; use_background_color_gradient=\u00a0\u00bbon\u00a0\u00bb background_color_gradient_direction=\u00a0\u00bb170deg\u00a0\u00bb background_color_gradient_stops=\u00a0\u00bb#002e4f 1%|rgba(8,70,102,0.8) 100%\u00a0\u00bb background_color_gradient_overlays_image=\u00a0\u00bbon\u00a0\u00bb background_color_gradient_start=\u00a0\u00bb#002e4f\u00a0\u00bb background_color_gradient_start_position=\u00a0\u00bb1%\u00a0\u00bb background_color_gradient_end=\u00a0\u00bbrgba(8,70,102,0.8)\u00a0\u00bb background_image=\u00a0\u00bbhttp:\/\/bsmc.cultura.gov.it\/wp-content\/uploads\/2022\/06\/biblioteca.jpg\u00a0\u00bb custom_padding=\u00a0\u00bb|||\u00a0\u00bb da_disable_devices=\u00a0\u00bboff|off|off\u00a0\u00bb global_colors_info=\u00a0\u00bb{}\u00a0\u00bb da_is_popup=\u00a0\u00bboff\u00a0\u00bb da_exit_intent=\u00a0\u00bboff\u00a0\u00bb da_has_close=\u00a0\u00bbon\u00a0\u00bb da_alt_close=\u00a0\u00bboff\u00a0\u00bb da_dark_close=\u00a0\u00bboff\u00a0\u00bb da_not_modal=\u00a0\u00bbon\u00a0\u00bb da_is_singular=\u00a0\u00bboff\u00a0\u00bb da_with_loader=\u00a0\u00bboff\u00a0\u00bb da_has_shadow=\u00a0\u00bbon\u00a0\u00bb][et_pb_row _builder_version=\u00a0\u00bb4.16&Prime; _module_preset=\u00a0\u00bbdefault\u00a0\u00bb background_size=\u00a0\u00bbinitial\u00a0\u00bb background_position=\u00a0\u00bbtop_left\u00a0\u00bb background_repeat=\u00a0\u00bbrepeat\u00a0\u00bb custom_padding=\u00a0\u00bb27px|0px|27px|0px|false|false\u00a0\u00bb global_colors_info=\u00a0\u00bb{}\u00a0\u00bb][et_pb_column type=\u00a0\u00bb4_4&Prime; _builder_version=\u00a0\u00bb4.16&Prime; _module_preset=\u00a0\u00bbdefault\u00a0\u00bb custom_padding=\u00a0\u00bb|||\u00a0\u00bb global_colors_info=\u00a0\u00bb{}\u00a0\u00bb custom_padding__hover=\u00a0\u00bb|||\u00a0\u00bb][et_pb_text _builder_version=\u00a0\u00bb4.17.4&Prime; _module_preset=\u00a0\u00bbdefault\u00a0\u00bb text_font=\u00a0\u00bb||||||||\u00a0\u00bb text_font_size=\u00a0\u00bb20px\u00a0\u00bb text_line_height=\u00a0\u00bb1.8em\u00a0\u00bb header_font=\u00a0\u00bbOpen Sans|800|||||||\u00a0\u00bb header_font_size=\u00a0\u00bb60px\u00a0\u00bb header_line_height=\u00a0\u00bb1.3em\u00a0\u00bb background_size=\u00a0\u00bbinitial\u00a0\u00bb background_position=\u00a0\u00bbtop_left\u00a0\u00bb background_repeat=\u00a0\u00bbrepeat\u00a0\u00bb background_layout=\u00a0\u00bbdark\u00a0\u00bb max_width=\u00a0\u00bb600px\u00a0\u00bb custom_margin=\u00a0\u00bb|||\u00a0\u00bb custom_margin_tablet=\u00a0\u00bb|100px||\u00a0\u00bb custom_margin_phone=\u00a0\u00bb|30px||\u00a0\u00bb custom_margin_last_edited=\u00a0\u00bboff|desktop\u00a0\u00bb header_font_size_tablet=\u00a0\u00bb50px\u00a0\u00bb header_font_size_phone=\u00a0\u00bb40px\u00a0\u00bb header_font_size_last_edited=\u00a0\u00bbon|phone\u00a0\u00bb header_line_height_tablet=\u00a0\u00bb\u00a0\u00bb header_line_height_phone=\u00a0\u00bb\u00a0\u00bb header_line_height_last_edited=\u00a0\u00bbon|desktop\u00a0\u00bb global_colors_info=\u00a0\u00bb{}\u00a0\u00bb]<\/p>\n<h1>Pr\u00eat<\/h1>\n<p>[\/et_pb_text][\/et_pb_column][\/et_pb_row][\/et_pb_section][et_pb_section fb_built=\u00a0\u00bb1&Prime; custom_padding_last_edited=\u00a0\u00bboff|desktop\u00a0\u00bb admin_label=\u00a0\u00bbStatistics\u00a0\u00bb _builder_version=\u00a0\u00bb4.16&Prime; _module_preset=\u00a0\u00bbdefault\u00a0\u00bb background_color=\u00a0\u00bb#f6f8fa\u00a0\u00bb custom_padding=\u00a0\u00bb54px|0px|54px|0px|false|false\u00a0\u00bb custom_padding_phone=\u00a0\u00bb50px||50px|\u00a0\u00bb da_disable_devices=\u00a0\u00bboff|off|off\u00a0\u00bb global_colors_info=\u00a0\u00bb{}\u00a0\u00bb da_is_popup=\u00a0\u00bboff\u00a0\u00bb da_exit_intent=\u00a0\u00bboff\u00a0\u00bb da_has_close=\u00a0\u00bbon\u00a0\u00bb da_alt_close=\u00a0\u00bboff\u00a0\u00bb da_dark_close=\u00a0\u00bboff\u00a0\u00bb da_not_modal=\u00a0\u00bbon\u00a0\u00bb da_is_singular=\u00a0\u00bboff\u00a0\u00bb da_with_loader=\u00a0\u00bboff\u00a0\u00bb da_has_shadow=\u00a0\u00bbon\u00a0\u00bb][et_pb_row _builder_version=\u00a0\u00bb4.17.4&Prime; _module_preset=\u00a0\u00bbdefault\u00a0\u00bb custom_padding=\u00a0\u00bb0|0px|27px|0px|false|false\u00a0\u00bb border_width_top=\u00a0\u00bb1px\u00a0\u00bb border_color_top=\u00a0\u00bb#E02B20&Prime; global_colors_info=\u00a0\u00bb{}\u00a0\u00bb][et_pb_column type=\u00a0\u00bb4_4&Prime; _builder_version=\u00a0\u00bb4.16&Prime; _module_preset=\u00a0\u00bbdefault\u00a0\u00bb custom_padding=\u00a0\u00bb|||\u00a0\u00bb global_colors_info=\u00a0\u00bb{}\u00a0\u00bb custom_padding__hover=\u00a0\u00bb|||\u00a0\u00bb][et_pb_text _builder_version=\u00a0\u00bb4.17.4&Prime; _module_preset=\u00a0\u00bbdefault\u00a0\u00bb text_font=\u00a0\u00bb||||||||\u00a0\u00bb text_font_size=\u00a0\u00bb16px\u00a0\u00bb text_line_height=\u00a0\u00bb2em\u00a0\u00bb header_font=\u00a0\u00bb||||||||\u00a0\u00bb header_2_font=\u00a0\u00bbMontserrat|800|||||||\u00a0\u00bb header_2_font_size=\u00a0\u00bb30px\u00a0\u00bb header_2_line_height=\u00a0\u00bb1.5em\u00a0\u00bb header_3_font=\u00a0\u00bb||||||||\u00a0\u00bb header_4_font=\u00a0\u00bb||||||||\u00a0\u00bb max_width_tablet=\u00a0\u00bb700px\u00a0\u00bb max_width_phone=\u00a0\u00bb700px\u00a0\u00bb max_width_last_edited=\u00a0\u00bboff|desktop\u00a0\u00bb custom_margin=\u00a0\u00bb||1px|||\u00a0\u00bb custom_margin_tablet=\u00a0\u00bb|0px||\u00a0\u00bb custom_margin_phone=\u00a0\u00bb|0px||\u00a0\u00bb custom_margin_last_edited=\u00a0\u00bboff|desktop\u00a0\u00bb custom_padding=\u00a0\u00bb10px||||false|false\u00a0\u00bb header_2_font_size_tablet=\u00a0\u00bb30px\u00a0\u00bb header_2_font_size_phone=\u00a0\u00bb20px\u00a0\u00bb header_2_font_size_last_edited=\u00a0\u00bbon|phone\u00a0\u00bb locked=\u00a0\u00bboff\u00a0\u00bb global_colors_info=\u00a0\u00bb{}\u00a0\u00bb]<\/p>\n<p class=\"p0 ft0\">Email: <span id=\"cloak34525\"><a href=\"mailto:b-stmo.prestito@beniculturali.it\">b-stmo.prestito@cultura.gov.it<\/a><\/span> &#8211; tel. 0668281748<\/p>\n<p>Tel que r\u00e9glement\u00e9 par le d\u00e9cret pr\u00e9sidentiel 5 juillet 1995, n. 417, tous les citoyens r\u00e9sidant dans le Latium peuvent b\u00e9n\u00e9ficier du pr\u00eat direct. Ils peuvent \u00e9galement acc\u00e9der au pr\u00eat:<br \/>a) Citoyens italiens ou citoyens des pays de l&rsquo;UE qui peuvent documenter leurs besoins d&rsquo;\u00e9tudes ou de recherche et leur domicile dans la r\u00e9gion;<br \/>b) les citoyens non communautaires qui, en plus de pouvoir justifier de leurs besoins d&rsquo;\u00e9tudes et de recherche et de leur domicile dans la r\u00e9gion, sont pr\u00e9sent\u00e9s par le consulat ou l&rsquo;ambassade ou par une institution culturelle d&rsquo;importance internationale et sont en possession du certificat certifiant la p\u00e9riode de s\u00e9jour.<\/p>\n<p>Tout changement de vos coordonn\u00e9es doit \u00eatre communiqu\u00e9 au Bureau de Pr\u00eat.<\/p>\n<p>Ils peuvent \u00eatre emprunt\u00e9s<strong>deux<\/strong> travaux. La dur\u00e9e maximale du pr\u00eat est de quinze jours, avec possibilit\u00e9 de prolongation d&rsquo;une semaine, sauf autres r\u00e9serves. Il est interdit de c\u00e9der \u00e0 autrui les volumes re\u00e7us en pr\u00eat.<\/p>\n<p>[\/et_pb_text][et_pb_text _builder_version=\u00a0\u00bb4.17.4&Prime; _module_preset=\u00a0\u00bbdefault\u00a0\u00bb text_font=\u00a0\u00bb||||||||\u00a0\u00bb text_font_size=\u00a0\u00bb16px\u00a0\u00bb text_line_height=\u00a0\u00bb2em\u00a0\u00bb header_font=\u00a0\u00bb||||||||\u00a0\u00bb header_2_font=\u00a0\u00bbMontserrat|800|||||||\u00a0\u00bb header_2_font_size=\u00a0\u00bb30px\u00a0\u00bb header_2_line_height=\u00a0\u00bb1.5em\u00a0\u00bb header_3_font=\u00a0\u00bb||||||||\u00a0\u00bb header_4_font=\u00a0\u00bb||||||||\u00a0\u00bb max_width_tablet=\u00a0\u00bb700px\u00a0\u00bb max_width_phone=\u00a0\u00bb700px\u00a0\u00bb max_width_last_edited=\u00a0\u00bboff|desktop\u00a0\u00bb custom_margin=\u00a0\u00bb||0px|||\u00a0\u00bb custom_margin_tablet=\u00a0\u00bb|0px||\u00a0\u00bb custom_margin_phone=\u00a0\u00bb|0px||\u00a0\u00bb custom_margin_last_edited=\u00a0\u00bboff|desktop\u00a0\u00bb custom_padding=\u00a0\u00bb10px||0px||false|false\u00a0\u00bb header_2_font_size_tablet=\u00a0\u00bb30px\u00a0\u00bb header_2_font_size_phone=\u00a0\u00bb20px\u00a0\u00bb header_2_font_size_last_edited=\u00a0\u00bbon|phone\u00a0\u00bb locked=\u00a0\u00bboff\u00a0\u00bb global_colors_info=\u00a0\u00bb{}\u00a0\u00bb]<\/p>\n<p class=\"unnamed2\" align=\"justify\"><strong><\/strong><\/p>\n<p class=\"unnamed2\" align=\"justify\"><strong>Sont exclus du pr\u00eat: <\/strong><\/p>\n<div>\u2022 travaux publi\u00e9es avant les 40 derni\u00e8res ann\u00e9es, quelle que soit la section \u00e0 laquelle elles appartiennent.<br \/>\u2022 travaux dans un \u00e9tat de conservation pr\u00e9caire, quelle que soit la section \u00e0 laquelle elles appartiennent.<br \/>\u2022 Les travaux plac\u00e9es dans les salles de consultation.<br \/>\u2022 Tous p\u00e9riodiques, revues, journaux officiels, cartes, gravures, affiches, estampes et photographies, brochures, microfilms et tous ouvrages appartenant aux sections suivantes:<br \/>1, 2, 3, 4, 6, 7, 8, 12, 17, 18, 19, 21, 22, 23, 23 BANC., 24, 25, 26, 28, 30, 31, 40<br \/>AJELLO, CAFAGNA, DI CORI, FERRETTI, GRAZIOSI, LAVAGGI,<br \/>LUCCHESI, MILANO, VIGHY, SALMERI, BORDIN<br \/>ATT. ACC. (ACTES ACAD\u00c9MIQUES)<br \/>BANDI<br \/>CD \/ C.M. \/ COLL. (A,B,C,D,E,F ) \/ COLL.FOSC. \/ COLL.FOSC.MISC. \/ COLL. IST. \/ COLL.MAZZ,\/<br \/>COLL.RIS. (A,B,C,D,E,F,) \/<br \/>F.A. \/ F.M.\/ F.N.G. \/ FO \/ FO.RIS.\/ F.P. \/ F.R. \/ F.S. \/ F.V. \/ FF.VV. (Feuilles volantes)<br \/>G. FOR. (Grandi formati) \/ GIORN. (A,B,C,D,E,F) \/ GIORN.1-10 \/ (Fondo) GUERRAZZI \/<br \/>(Fondo) GUERRAZZI MISC.<br \/>L.E.(Fondo Lecco)<br \/>MISC (A,B,C,D) \/ MISC. GIORN. \/ MISC. PER. \/ MISC.RIS (A,B,C,D) \/ MP \/ MF \/ MF PER.\/<br \/>MSS (Manuscrits)<br \/>OPUS (A,B)<br \/>PER.RIS. \/ PUBBL.UFF.<br \/>RA \/ RAN \/ RARI (A,B,C,D,E) \/ RARI MISC. RE \/ RI \/ RIV.( A, B) \/ RO \/<br \/>VID\u00c9O<\/div>\n<p>[\/et_pb_text][et_pb_text _builder_version=\u00a0\u00bb4.17.4&Prime; _module_preset=\u00a0\u00bbdefault\u00a0\u00bb text_font=\u00a0\u00bb||||||||\u00a0\u00bb text_font_size=\u00a0\u00bb16px\u00a0\u00bb text_line_height=\u00a0\u00bb2em\u00a0\u00bb header_font=\u00a0\u00bb||||||||\u00a0\u00bb header_2_font=\u00a0\u00bbMontserrat|800|||||||\u00a0\u00bb header_2_font_size=\u00a0\u00bb30px\u00a0\u00bb header_2_line_height=\u00a0\u00bb1.5em\u00a0\u00bb header_3_font=\u00a0\u00bb||||||||\u00a0\u00bb header_4_font=\u00a0\u00bb||||||||\u00a0\u00bb max_width_tablet=\u00a0\u00bb700px\u00a0\u00bb max_width_phone=\u00a0\u00bb700px\u00a0\u00bb max_width_last_edited=\u00a0\u00bboff|desktop\u00a0\u00bb custom_margin=\u00a0\u00bb|||\u00a0\u00bb custom_margin_tablet=\u00a0\u00bb|0px||\u00a0\u00bb custom_margin_phone=\u00a0\u00bb|0px||\u00a0\u00bb custom_margin_last_edited=\u00a0\u00bboff|desktop\u00a0\u00bb custom_padding=\u00a0\u00bb10px||||false|false\u00a0\u00bb header_2_font_size_tablet=\u00a0\u00bb30px\u00a0\u00bb header_2_font_size_phone=\u00a0\u00bb20px\u00a0\u00bb header_2_font_size_last_edited=\u00a0\u00bbon|phone\u00a0\u00bb locked=\u00a0\u00bboff\u00a0\u00bb global_colors_info=\u00a0\u00bb{}\u00a0\u00bb]<\/p>\n<p class=\"unnamed2\" align=\"justify\"><strong>Deux ouvrages peuvent \u00eatre emprunt\u00e9s pour un maximum de quatre volumes. La dur\u00e9e maximale du pr\u00eat est de quinze jours, avec possibilit\u00e9 de prolongation d&rsquo;une semaine, sauf autres r\u00e9serves. Il est interdit de c\u00e9der \u00e0 autrui les volumes re\u00e7us en pr\u00eat. <\/strong><\/p>\n<p>Il existe des sanctions en cas de non-respect:<br \/>a) cquiconque ne restitue pas \u00e0 temps le volume emprunt\u00e9 est suspendu de service pour une dur\u00e9e au moins \u00e9gale au retard subi. <br \/>b) quiconque restitue le volume endommag\u00e9 ou le perd est tenu, sans pr\u00e9judice de sanctions ult\u00e9rieures, de le remettre en \u00e9tat ou de payer une somme au moins \u00e9gale au double de la valeur commerciale du volume.<br \/>c) toute personne qui ne restitue pas le volume ou ne le r\u00e9int\u00e8gre pas est exclue de la Biblioth\u00e8que et d\u00e9nonc\u00e9e aux autorit\u00e9s judiciaires.<\/p>\n<p class=\"unnamed2\" align=\"justify\">Une fois par an, une revue du mat\u00e9riel de la biblioth\u00e8que et des archives li\u00e9es au service de pr\u00eat doit \u00eatre effectu\u00e9e. Dans les quinze jours pr\u00e9c\u00e9dant cet examen, tous les documents pr\u00eat\u00e9s devront \u00eatre restitu\u00e9s \u00e0 la biblioth\u00e8que et aucun nouveau pr\u00eat ne sera accord\u00e9. La p\u00e9riode de suspension du service est communiqu\u00e9e dans les plus brefs d\u00e9lais aux utilisateurs par les canaux d&rsquo;information habituels.<\/p>\n<p class=\"unnamed2\" align=\"justify\">Pour souscrire au pr\u00eat, vous avez besoin d\u2019une pi\u00e8ce d\u2019identit\u00e9 et de documents attestant que vous poss\u00e9dez les conditions requises. Tout changement de r\u00e9sidence ou de domicile doit \u00eatre imm\u00e9diatement communiqu\u00e9 au Bureau des Pr\u00eats, sous peine d&rsquo;exclusion d&rsquo;une dur\u00e9e minimale de six mois.<\/p>\n<p>[\/et_pb_text][et_pb_text module_id=\u00a0\u00bbprestitoxmostre\u00a0\u00bb _builder_version=\u00a0\u00bb4.17.4&Prime; _module_preset=\u00a0\u00bbdefault\u00a0\u00bb text_font=\u00a0\u00bb||||||||\u00a0\u00bb text_font_size=\u00a0\u00bb16px\u00a0\u00bb text_line_height=\u00a0\u00bb2em\u00a0\u00bb header_font=\u00a0\u00bb||||||||\u00a0\u00bb header_2_font=\u00a0\u00bbMontserrat|800|||||||\u00a0\u00bb header_2_font_size=\u00a0\u00bb30px\u00a0\u00bb header_2_line_height=\u00a0\u00bb1.5em\u00a0\u00bb header_3_font=\u00a0\u00bb||||||||\u00a0\u00bb header_4_font=\u00a0\u00bb||||||||\u00a0\u00bb max_width_tablet=\u00a0\u00bb700px\u00a0\u00bb max_width_phone=\u00a0\u00bb700px\u00a0\u00bb max_width_last_edited=\u00a0\u00bboff|desktop\u00a0\u00bb custom_margin=\u00a0\u00bb|||\u00a0\u00bb custom_margin_tablet=\u00a0\u00bb|0px||\u00a0\u00bb custom_margin_phone=\u00a0\u00bb|0px||\u00a0\u00bb custom_margin_last_edited=\u00a0\u00bboff|desktop\u00a0\u00bb custom_padding=\u00a0\u00bb10px||||false|false\u00a0\u00bb header_2_font_size_tablet=\u00a0\u00bb30px\u00a0\u00bb header_2_font_size_phone=\u00a0\u00bb20px\u00a0\u00bb header_2_font_size_last_edited=\u00a0\u00bbon|phone\u00a0\u00bb locked=\u00a0\u00bboff\u00a0\u00bb global_colors_info=\u00a0\u00bb{}\u00a0\u00bb]<\/p>\n<p><b>Pr\u00eat pour expositions<\/b><\/p>\n<p><span>Le pr\u00eat de biens culturels, publics ou priv\u00e9s, pour expositions et expositions doit \u00eatre autoris\u00e9 selon la l\u00e9gislation en vigueur.<br \/><a href=\"http:\/\/www.librari.beniculturali.it\/opencms\/opencms\/it\/servizioII\/Mostre\/\"><b>R\u00e8glement sur le pr\u00eat de biens culturels<\/b><\/a><\/span><\/p>\n<p>[\/et_pb_text][\/et_pb_column][\/et_pb_row][\/et_pb_section]<\/p>\n","protected":false},"excerpt":{"rendered":"<p>Pr\u00eatEmail: b-stmo.prestito@cultura.gov.it &#8211; tel. 0668281748 Tel que r\u00e9glement\u00e9 par le d\u00e9cret pr\u00e9sidentiel 5 juillet 1995, n. 417, tous les citoyens r\u00e9sidant dans le Latium peuvent b\u00e9n\u00e9ficier du pr\u00eat direct. Ils [&hellip;]<\/p>\n","protected":false},"author":2,"featured_media":0,"parent":0,"menu_order":0,"comment_status":"closed","ping_status":"closed","template":"","meta":{"_et_pb_use_builder":"on","_et_pb_old_content":"","_et_gb_content_width":"","footnotes":""},"class_list":["post-258465","page","type-page","status-publish","hentry"],"yoast_head":"<!-- This site is optimized with the Yoast SEO plugin v27.4 - https:\/\/yoast.com\/product\/yoast-seo-wordpress\/ -->\n<title>PR\u00caT - Biblioteca di Storia Moderna e Contemporanea<\/title>\n<meta name=\"robots\" content=\"index, follow, max-snippet:-1, max-image-preview:large, max-video-preview:-1\" \/>\n<link rel=\"canonical\" href=\"https:\/\/bsmc.cultura.gov.it\/fr\/pret\/\" \/>\n<meta property=\"og:locale\" content=\"fr_FR\" \/>\n<meta property=\"og:type\" content=\"article\" \/>\n<meta property=\"og:title\" content=\"PR\u00caT - Biblioteca di Storia Moderna e Contemporanea\" \/>\n<meta property=\"og:description\" content=\"Pr\u00eatEmail: b-stmo.prestito@cultura.gov.it - tel. 0668281748 Tel que r\u00e9glement\u00e9 par le d\u00e9cret pr\u00e9sidentiel 5 juillet 1995, n. 417, tous les citoyens r\u00e9sidant dans le Latium peuvent b\u00e9n\u00e9ficier du pr\u00eat direct. Ils [&hellip;]\" \/>\n<meta property=\"og:url\" content=\"https:\/\/bsmc.cultura.gov.it\/fr\/pret\/\" \/>\n<meta property=\"og:site_name\" content=\"Biblioteca di Storia Moderna e Contemporanea\" \/>\n<meta property=\"article:modified_time\" content=\"2024-12-03T14:41:29+00:00\" \/>\n<meta name=\"twitter:card\" content=\"summary_large_image\" \/>\n<meta name=\"twitter:label1\" content=\"Dur\u00e9e de lecture estim\u00e9e\" \/>\n\t<meta name=\"twitter:data1\" content=\"7 minutes\" \/>\n<script type=\"application\/ld+json\" class=\"yoast-schema-graph\">{\"@context\":\"https:\\\/\\\/schema.org\",\"@graph\":[{\"@type\":\"WebPage\",\"@id\":\"https:\\\/\\\/bsmc.cultura.gov.it\\\/fr\\\/pret\\\/\",\"url\":\"https:\\\/\\\/bsmc.cultura.gov.it\\\/fr\\\/pret\\\/\",\"name\":\"PR\u00caT - Biblioteca di Storia Moderna e Contemporanea\",\"isPartOf\":{\"@id\":\"https:\\\/\\\/bsmc.cultura.gov.it\\\/fr\\\/#website\"},\"datePublished\":\"2022-06-27T13:26:39+00:00\",\"dateModified\":\"2024-12-03T14:41:29+00:00\",\"breadcrumb\":{\"@id\":\"https:\\\/\\\/bsmc.cultura.gov.it\\\/fr\\\/pret\\\/#breadcrumb\"},\"inLanguage\":\"fr-FR\",\"potentialAction\":[{\"@type\":\"ReadAction\",\"target\":[\"https:\\\/\\\/bsmc.cultura.gov.it\\\/fr\\\/pret\\\/\"]}]},{\"@type\":\"BreadcrumbList\",\"@id\":\"https:\\\/\\\/bsmc.cultura.gov.it\\\/fr\\\/pret\\\/#breadcrumb\",\"itemListElement\":[{\"@type\":\"ListItem\",\"position\":1,\"name\":\"Home\",\"item\":\"https:\\\/\\\/bsmc.cultura.gov.it\\\/fr\\\/\"},{\"@type\":\"ListItem\",\"position\":2,\"name\":\"PR\u00caT\"}]},{\"@type\":\"WebSite\",\"@id\":\"https:\\\/\\\/bsmc.cultura.gov.it\\\/fr\\\/#website\",\"url\":\"https:\\\/\\\/bsmc.cultura.gov.it\\\/fr\\\/\",\"name\":\"Biblioteca di Storia Moderna e Contemporanea\",\"description\":\"DGBID\",\"potentialAction\":[{\"@type\":\"SearchAction\",\"target\":{\"@type\":\"EntryPoint\",\"urlTemplate\":\"https:\\\/\\\/bsmc.cultura.gov.it\\\/fr\\\/?s={search_term_string}\"},\"query-input\":{\"@type\":\"PropertyValueSpecification\",\"valueRequired\":true,\"valueName\":\"search_term_string\"}}],\"inLanguage\":\"fr-FR\"}]}<\/script>\n<!-- \/ Yoast SEO plugin. -->","yoast_head_json":{"title":"PR\u00caT - Biblioteca di Storia Moderna e Contemporanea","robots":{"index":"index","follow":"follow","max-snippet":"max-snippet:-1","max-image-preview":"max-image-preview:large","max-video-preview":"max-video-preview:-1"},"canonical":"https:\/\/bsmc.cultura.gov.it\/fr\/pret\/","og_locale":"fr_FR","og_type":"article","og_title":"PR\u00caT - Biblioteca di Storia Moderna e Contemporanea","og_description":"Pr\u00eatEmail: b-stmo.prestito@cultura.gov.it - tel. 0668281748 Tel que r\u00e9glement\u00e9 par le d\u00e9cret pr\u00e9sidentiel 5 juillet 1995, n. 417, tous les citoyens r\u00e9sidant dans le Latium peuvent b\u00e9n\u00e9ficier du pr\u00eat direct. Ils [&hellip;]","og_url":"https:\/\/bsmc.cultura.gov.it\/fr\/pret\/","og_site_name":"Biblioteca di Storia Moderna e Contemporanea","article_modified_time":"2024-12-03T14:41:29+00:00","twitter_card":"summary_large_image","twitter_misc":{"Dur\u00e9e de lecture estim\u00e9e":"7 minutes"},"schema":{"@context":"https:\/\/schema.org","@graph":[{"@type":"WebPage","@id":"https:\/\/bsmc.cultura.gov.it\/fr\/pret\/","url":"https:\/\/bsmc.cultura.gov.it\/fr\/pret\/","name":"PR\u00caT - Biblioteca di Storia Moderna e Contemporanea","isPartOf":{"@id":"https:\/\/bsmc.cultura.gov.it\/fr\/#website"},"datePublished":"2022-06-27T13:26:39+00:00","dateModified":"2024-12-03T14:41:29+00:00","breadcrumb":{"@id":"https:\/\/bsmc.cultura.gov.it\/fr\/pret\/#breadcrumb"},"inLanguage":"fr-FR","potentialAction":[{"@type":"ReadAction","target":["https:\/\/bsmc.cultura.gov.it\/fr\/pret\/"]}]},{"@type":"BreadcrumbList","@id":"https:\/\/bsmc.cultura.gov.it\/fr\/pret\/#breadcrumb","itemListElement":[{"@type":"ListItem","position":1,"name":"Home","item":"https:\/\/bsmc.cultura.gov.it\/fr\/"},{"@type":"ListItem","position":2,"name":"PR\u00caT"}]},{"@type":"WebSite","@id":"https:\/\/bsmc.cultura.gov.it\/fr\/#website","url":"https:\/\/bsmc.cultura.gov.it\/fr\/","name":"Biblioteca di Storia Moderna e Contemporanea","description":"DGBID","potentialAction":[{"@type":"SearchAction","target":{"@type":"EntryPoint","urlTemplate":"https:\/\/bsmc.cultura.gov.it\/fr\/?s={search_term_string}"},"query-input":{"@type":"PropertyValueSpecification","valueRequired":true,"valueName":"search_term_string"}}],"inLanguage":"fr-FR"}]}},"_links":{"self":[{"href":"https:\/\/bsmc.cultura.gov.it\/fr\/wp-json\/wp\/v2\/pages\/258465","targetHints":{"allow":["GET"]}}],"collection":[{"href":"https:\/\/bsmc.cultura.gov.it\/fr\/wp-json\/wp\/v2\/pages"}],"about":[{"href":"https:\/\/bsmc.cultura.gov.it\/fr\/wp-json\/wp\/v2\/types\/page"}],"author":[{"embeddable":true,"href":"https:\/\/bsmc.cultura.gov.it\/fr\/wp-json\/wp\/v2\/users\/2"}],"replies":[{"embeddable":true,"href":"https:\/\/bsmc.cultura.gov.it\/fr\/wp-json\/wp\/v2\/comments?post=258465"}],"version-history":[{"count":2,"href":"https:\/\/bsmc.cultura.gov.it\/fr\/wp-json\/wp\/v2\/pages\/258465\/revisions"}],"predecessor-version":[{"id":258467,"href":"https:\/\/bsmc.cultura.gov.it\/fr\/wp-json\/wp\/v2\/pages\/258465\/revisions\/258467"}],"wp:attachment":[{"href":"https:\/\/bsmc.cultura.gov.it\/fr\/wp-json\/wp\/v2\/media?parent=258465"}],"curies":[{"name":"wp","href":"https:\/\/api.w.org\/{rel}","templated":true}]}}