{"id":258410,"date":"2022-06-27T06:42:04","date_gmt":"2022-06-27T04:42:04","guid":{"rendered":"https:\/\/bsmc.cultura.gov.it\/le-siege\/"},"modified":"2024-12-03T15:34:07","modified_gmt":"2024-12-03T14:34:07","slug":"le-siege","status":"publish","type":"page","link":"https:\/\/bsmc.cultura.gov.it\/fr\/le-siege\/","title":{"rendered":"LE SI\u00c8GE"},"content":{"rendered":"<p>[et_pb_section fb_built=\u00a0\u00bb1&Prime; admin_label=\u00a0\u00bbHero\u00a0\u00bb _builder_version=\u00a0\u00bb4.17.4&Prime; _module_preset=\u00a0\u00bbdefault\u00a0\u00bb background_color=\u00a0\u00bb#084666&Prime; use_background_color_gradient=\u00a0\u00bbon\u00a0\u00bb background_color_gradient_direction=\u00a0\u00bb170deg\u00a0\u00bb background_color_gradient_stops=\u00a0\u00bb#002e4f 1%|rgba(8,70,102,0.8) 100%\u00a0\u00bb background_color_gradient_overlays_image=\u00a0\u00bbon\u00a0\u00bb background_color_gradient_start=\u00a0\u00bb#002e4f\u00a0\u00bb background_color_gradient_start_position=\u00a0\u00bb1%\u00a0\u00bb background_color_gradient_end=\u00a0\u00bbrgba(8,70,102,0.8)\u00a0\u00bb background_image=\u00a0\u00bbhttp:\/\/bsmc.cultura.gov.it\/wp-content\/uploads\/2022\/06\/biblioteca.jpg\u00a0\u00bb custom_padding=\u00a0\u00bb|||\u00a0\u00bb da_disable_devices=\u00a0\u00bboff|off|off\u00a0\u00bb global_colors_info=\u00a0\u00bb{}\u00a0\u00bb da_is_popup=\u00a0\u00bboff\u00a0\u00bb da_exit_intent=\u00a0\u00bboff\u00a0\u00bb da_has_close=\u00a0\u00bbon\u00a0\u00bb da_alt_close=\u00a0\u00bboff\u00a0\u00bb da_dark_close=\u00a0\u00bboff\u00a0\u00bb da_not_modal=\u00a0\u00bbon\u00a0\u00bb da_is_singular=\u00a0\u00bboff\u00a0\u00bb da_with_loader=\u00a0\u00bboff\u00a0\u00bb da_has_shadow=\u00a0\u00bbon\u00a0\u00bb][et_pb_row _builder_version=\u00a0\u00bb4.16&Prime; _module_preset=\u00a0\u00bbdefault\u00a0\u00bb background_size=\u00a0\u00bbinitial\u00a0\u00bb background_position=\u00a0\u00bbtop_left\u00a0\u00bb background_repeat=\u00a0\u00bbrepeat\u00a0\u00bb custom_padding=\u00a0\u00bb27px|0px|27px|0px|false|false\u00a0\u00bb global_colors_info=\u00a0\u00bb{}\u00a0\u00bb][et_pb_column type=\u00a0\u00bb4_4&Prime; _builder_version=\u00a0\u00bb4.16&Prime; _module_preset=\u00a0\u00bbdefault\u00a0\u00bb custom_padding=\u00a0\u00bb|||\u00a0\u00bb global_colors_info=\u00a0\u00bb{}\u00a0\u00bb custom_padding__hover=\u00a0\u00bb|||\u00a0\u00bb][et_pb_text _builder_version=\u00a0\u00bb4.17.4&Prime; _module_preset=\u00a0\u00bbdefault\u00a0\u00bb text_font=\u00a0\u00bb||||||||\u00a0\u00bb text_font_size=\u00a0\u00bb20px\u00a0\u00bb text_line_height=\u00a0\u00bb1.8em\u00a0\u00bb header_font=\u00a0\u00bbOpen Sans|800|||||||\u00a0\u00bb header_font_size=\u00a0\u00bb60px\u00a0\u00bb header_line_height=\u00a0\u00bb1.3em\u00a0\u00bb background_size=\u00a0\u00bbinitial\u00a0\u00bb background_position=\u00a0\u00bbtop_left\u00a0\u00bb background_repeat=\u00a0\u00bbrepeat\u00a0\u00bb background_layout=\u00a0\u00bbdark\u00a0\u00bb max_width=\u00a0\u00bb600px\u00a0\u00bb custom_margin=\u00a0\u00bb|||\u00a0\u00bb custom_margin_tablet=\u00a0\u00bb|100px||\u00a0\u00bb custom_margin_phone=\u00a0\u00bb|30px||\u00a0\u00bb custom_margin_last_edited=\u00a0\u00bboff|desktop\u00a0\u00bb header_font_size_tablet=\u00a0\u00bb50px\u00a0\u00bb header_font_size_phone=\u00a0\u00bb40px\u00a0\u00bb header_font_size_last_edited=\u00a0\u00bbon|phone\u00a0\u00bb header_line_height_tablet=\u00a0\u00bb\u00a0\u00bb header_line_height_phone=\u00a0\u00bb\u00a0\u00bb header_line_height_last_edited=\u00a0\u00bbon|desktop\u00a0\u00bb global_colors_info=\u00a0\u00bb{}\u00a0\u00bb]<\/p>\n<h1>Le si\u00e8ge<\/h1>\n<p><span><strong>Palazzo Mattei di Giove<\/strong> \u00e9galement connu sous le nom de <strong>Antici Mattei<\/strong>.<\/span><\/p>\n<p>[\/et_pb_text][\/et_pb_column][\/et_pb_row][\/et_pb_section][et_pb_section fb_built=\u00a0\u00bb1&Prime; custom_padding_last_edited=\u00a0\u00bboff|desktop\u00a0\u00bb admin_label=\u00a0\u00bbStatistics\u00a0\u00bb _builder_version=\u00a0\u00bb4.16&Prime; _module_preset=\u00a0\u00bbdefault\u00a0\u00bb background_color=\u00a0\u00bb#f6f8fa\u00a0\u00bb custom_padding=\u00a0\u00bb54px|0px|54px|0px|false|false\u00a0\u00bb custom_padding_phone=\u00a0\u00bb50px||50px|\u00a0\u00bb da_disable_devices=\u00a0\u00bboff|off|off\u00a0\u00bb global_colors_info=\u00a0\u00bb{}\u00a0\u00bb da_is_popup=\u00a0\u00bboff\u00a0\u00bb da_exit_intent=\u00a0\u00bboff\u00a0\u00bb da_has_close=\u00a0\u00bbon\u00a0\u00bb da_alt_close=\u00a0\u00bboff\u00a0\u00bb da_dark_close=\u00a0\u00bboff\u00a0\u00bb da_not_modal=\u00a0\u00bbon\u00a0\u00bb da_is_singular=\u00a0\u00bboff\u00a0\u00bb da_with_loader=\u00a0\u00bboff\u00a0\u00bb da_has_shadow=\u00a0\u00bbon\u00a0\u00bb][et_pb_row _builder_version=\u00a0\u00bb4.16&Prime; _module_preset=\u00a0\u00bbdefault\u00a0\u00bb custom_padding=\u00a0\u00bb27px|0px|0|0px|false|false\u00a0\u00bb global_colors_info=\u00a0\u00bb{}\u00a0\u00bb][et_pb_column type=\u00a0\u00bb4_4&Prime; _builder_version=\u00a0\u00bb4.16&Prime; _module_preset=\u00a0\u00bbdefault\u00a0\u00bb custom_padding=\u00a0\u00bb|||\u00a0\u00bb global_colors_info=\u00a0\u00bb{}\u00a0\u00bb custom_padding__hover=\u00a0\u00bb|||\u00a0\u00bb][et_pb_text _builder_version=\u00a0\u00bb4.17.4&Prime; _module_preset=\u00a0\u00bbdefault\u00a0\u00bb text_font=\u00a0\u00bb||||||||\u00a0\u00bb text_font_size=\u00a0\u00bb16px\u00a0\u00bb text_line_height=\u00a0\u00bb2em\u00a0\u00bb header_font=\u00a0\u00bb||||||||\u00a0\u00bb header_2_font=\u00a0\u00bbMontserrat|800|||||||\u00a0\u00bb header_2_font_size=\u00a0\u00bb30px\u00a0\u00bb header_2_line_height=\u00a0\u00bb1.5em\u00a0\u00bb header_3_font=\u00a0\u00bb||||||||\u00a0\u00bb header_4_font=\u00a0\u00bb||||||||\u00a0\u00bb max_width_tablet=\u00a0\u00bb700px\u00a0\u00bb max_width_phone=\u00a0\u00bb700px\u00a0\u00bb max_width_last_edited=\u00a0\u00bboff|desktop\u00a0\u00bb custom_margin=\u00a0\u00bb|||\u00a0\u00bb custom_margin_tablet=\u00a0\u00bb|0px||\u00a0\u00bb custom_margin_phone=\u00a0\u00bb|0px||\u00a0\u00bb custom_margin_last_edited=\u00a0\u00bboff|desktop\u00a0\u00bb custom_padding=\u00a0\u00bb20px|||\u00a0\u00bb header_2_font_size_tablet=\u00a0\u00bb30px\u00a0\u00bb header_2_font_size_phone=\u00a0\u00bb20px\u00a0\u00bb header_2_font_size_last_edited=\u00a0\u00bbon|phone\u00a0\u00bb border_color_all=\u00a0\u00bb#E02B20&Prime; border_width_top=\u00a0\u00bb2px\u00a0\u00bb locked=\u00a0\u00bboff\u00a0\u00bb global_colors_info=\u00a0\u00bb{}\u00a0\u00bb]<\/p>\n<h2>Le si\u00e8ge<\/h2>\n<p>[\/et_pb_text][\/et_pb_column][\/et_pb_row][et_pb_row _builder_version=\u00a0\u00bb4.16&Prime; _module_preset=\u00a0\u00bbdefault\u00a0\u00bb custom_padding=\u00a0\u00bb0|0px|27px|0px|false|false\u00a0\u00bb global_colors_info=\u00a0\u00bb{}\u00a0\u00bb][et_pb_column type=\u00a0\u00bb4_4&Prime; _builder_version=\u00a0\u00bb4.16&Prime; _module_preset=\u00a0\u00bbdefault\u00a0\u00bb custom_padding=\u00a0\u00bb|||\u00a0\u00bb global_colors_info=\u00a0\u00bb{}\u00a0\u00bb custom_padding__hover=\u00a0\u00bb|||\u00a0\u00bb][et_pb_text _builder_version=\u00a0\u00bb4.17.4&Prime; _module_preset=\u00a0\u00bbdefault\u00a0\u00bb text_font=\u00a0\u00bb||||||||\u00a0\u00bb text_font_size=\u00a0\u00bb16px\u00a0\u00bb text_line_height=\u00a0\u00bb2em\u00a0\u00bb header_font=\u00a0\u00bb||||||||\u00a0\u00bb header_2_font=\u00a0\u00bbMontserrat|800|||||||\u00a0\u00bb header_2_font_size=\u00a0\u00bb30px\u00a0\u00bb header_2_line_height=\u00a0\u00bb1.5em\u00a0\u00bb header_3_font=\u00a0\u00bb||||||||\u00a0\u00bb header_4_font=\u00a0\u00bb||||||||\u00a0\u00bb max_width_tablet=\u00a0\u00bb700px\u00a0\u00bb max_width_phone=\u00a0\u00bb700px\u00a0\u00bb max_width_last_edited=\u00a0\u00bboff|desktop\u00a0\u00bb custom_margin=\u00a0\u00bb|||\u00a0\u00bb custom_margin_tablet=\u00a0\u00bb|0px||\u00a0\u00bb custom_margin_phone=\u00a0\u00bb|0px||\u00a0\u00bb custom_margin_last_edited=\u00a0\u00bboff|desktop\u00a0\u00bb custom_padding=\u00a0\u00bb20px|||\u00a0\u00bb header_2_font_size_tablet=\u00a0\u00bb30px\u00a0\u00bb header_2_font_size_phone=\u00a0\u00bb20px\u00a0\u00bb header_2_font_size_last_edited=\u00a0\u00bbon|phone\u00a0\u00bb locked=\u00a0\u00bboff\u00a0\u00bb global_colors_info=\u00a0\u00bb{}\u00a0\u00bb]<\/p>\n<p><span>La biblioth\u00e8que est situ\u00e9e dans le<strong> Palazzo Mattei di Giove<\/strong> \u00e9galement appel\u00e9 <strong>Antici Mattei<\/strong>. Au deuxi\u00e8me \u00e9tage se trouvent les salles de lecture et les bureaux, tandis qu&rsquo;au rez-de-chauss\u00e9e, auquel on acc\u00e8de par la deuxi\u00e8me cour, se trouve la biblioth\u00e8que des journaux. Les services d&rsquo;orientation bibliographique, de consultation et de pr\u00eat se trouvent au deuxi\u00e8me \u00e9tage. Les d\u00e9p\u00f4ts de livres occupent diff\u00e9rents espaces dans le m\u00eame b\u00e2timent. Un cadran solaire r\u00e9alis\u00e9 dans la seconde moiti\u00e9 du XVIIIe si\u00e8cle par le duc Giuseppe IV Mattei est install\u00e9 sur le sol du bureau de gestion de la biblioth\u00e8que.<a href=\"http:\/\/bsmc.it\/images\/pdf\/bsmc\/meridiana_palazzo_mattei.pdf\">(v. M. Tschinke, Cadran solaire du duc Mattei, \u00ab\u00a0Accademie e Biblioteche d&rsquo;Italia\u00a0\u00bb, 2012).<\/a><\/span><\/p>\n<p>[\/et_pb_text][et_pb_text _builder_version=\u00a0\u00bb4.17.4&Prime; _module_preset=\u00a0\u00bbdefault\u00a0\u00bb text_font=\u00a0\u00bb||||||||\u00a0\u00bb text_font_size=\u00a0\u00bb16px\u00a0\u00bb text_line_height=\u00a0\u00bb2em\u00a0\u00bb header_font=\u00a0\u00bb||||||||\u00a0\u00bb header_2_font=\u00a0\u00bbMontserrat|800|||||||\u00a0\u00bb header_2_font_size=\u00a0\u00bb30px\u00a0\u00bb header_2_line_height=\u00a0\u00bb1.5em\u00a0\u00bb header_3_font=\u00a0\u00bb||||||||\u00a0\u00bb header_4_font=\u00a0\u00bb||||||||\u00a0\u00bb max_width_tablet=\u00a0\u00bb700px\u00a0\u00bb max_width_phone=\u00a0\u00bb700px\u00a0\u00bb max_width_last_edited=\u00a0\u00bboff|desktop\u00a0\u00bb custom_margin=\u00a0\u00bb||-1px|||\u00a0\u00bb custom_margin_tablet=\u00a0\u00bb|0px||\u00a0\u00bb custom_margin_phone=\u00a0\u00bb|0px||\u00a0\u00bb custom_margin_last_edited=\u00a0\u00bboff|desktop\u00a0\u00bb custom_padding=\u00a0\u00bb20px|||\u00a0\u00bb header_2_font_size_tablet=\u00a0\u00bb30px\u00a0\u00bb header_2_font_size_phone=\u00a0\u00bb20px\u00a0\u00bb header_2_font_size_last_edited=\u00a0\u00bbon|phone\u00a0\u00bb border_color_all=\u00a0\u00bb#E02B20&Prime; border_width_top=\u00a0\u00bb2px\u00a0\u00bb locked=\u00a0\u00bboff\u00a0\u00bb global_colors_info=\u00a0\u00bb{}\u00a0\u00bb]<\/p>\n<h2>Le palais<\/h2>\n<p>[\/et_pb_text][et_pb_text _builder_version=\u00a0\u00bb4.17.4&Prime; _module_preset=\u00a0\u00bbdefault\u00a0\u00bb text_font=\u00a0\u00bb||||||||\u00a0\u00bb text_font_size=\u00a0\u00bb16px\u00a0\u00bb text_line_height=\u00a0\u00bb2em\u00a0\u00bb header_font=\u00a0\u00bb||||||||\u00a0\u00bb header_2_font=\u00a0\u00bbMontserrat|800|||||||\u00a0\u00bb header_2_font_size=\u00a0\u00bb30px\u00a0\u00bb header_2_line_height=\u00a0\u00bb1.5em\u00a0\u00bb header_3_font=\u00a0\u00bb||||||||\u00a0\u00bb header_4_font=\u00a0\u00bb||||||||\u00a0\u00bb max_width_tablet=\u00a0\u00bb700px\u00a0\u00bb max_width_phone=\u00a0\u00bb700px\u00a0\u00bb max_width_last_edited=\u00a0\u00bboff|desktop\u00a0\u00bb min_height=\u00a0\u00bb165px\u00a0\u00bb custom_margin=\u00a0\u00bb||1px|||\u00a0\u00bb custom_margin_tablet=\u00a0\u00bb|0px||\u00a0\u00bb custom_margin_phone=\u00a0\u00bb|0px||\u00a0\u00bb custom_margin_last_edited=\u00a0\u00bboff|desktop\u00a0\u00bb custom_padding=\u00a0\u00bb20px|||\u00a0\u00bb header_2_font_size_tablet=\u00a0\u00bb30px\u00a0\u00bb header_2_font_size_phone=\u00a0\u00bb20px\u00a0\u00bb header_2_font_size_last_edited=\u00a0\u00bbon|phone\u00a0\u00bb locked=\u00a0\u00bboff\u00a0\u00bb global_colors_info=\u00a0\u00bb{}\u00a0\u00bb]<\/p>\n<p class=\"unnamed2\" align=\"justify\"><span>Le Palazzo Mattei di Giove, \u00e9galement connu sous le nom de Palazzo Antici-Mattei, a \u00e9t\u00e9 construit \u00e0 la demande d&rsquo;Asdrubale Mattei, marquis de Giove, qui l&rsquo;a fait construire par Carlo Maderno. Les travaux commenc\u00e8rent en 1598 et furent achev\u00e9s en une vingtaine d&rsquo;ann\u00e9es. L&rsquo;\u00e9difice est le dernier des cinq palais de l&rsquo;insula Mattei \u00e0 avoir \u00e9t\u00e9 construit. Construit en brique et en travertin, il pr\u00e9sente une fa\u00e7ade de la fin du XVIe si\u00e8cle sur trois \u00e9tages, Il est termin\u00e9 par une corniche d\u00e9cor\u00e9e des motifs h\u00e9raldiques de la famille et est couronn\u00e9 par un retable avec une loggia.<\/span><\/p>\n<p class=\"unnamed2\" align=\"justify\"><span><img loading=\"lazy\" decoding=\"async\" margin:=\"\" 0=\"\" 15px=\"\" float:left=\"\" src=\"http:\/\/bsmc.cultura.gov.it\/wp-content\/uploads\/2022\/06\/6_archi-225x300.jpg\" width=\"225\" height=\"300\" alt=\"\" class=\"wp-image-66 alignleft size-medium\" srcset=\"https:\/\/bsmc.cultura.gov.it\/wp-content\/uploads\/2022\/06\/6_archi-225x300.jpg 225w, https:\/\/bsmc.cultura.gov.it\/wp-content\/uploads\/2022\/06\/6_archi.jpg 250w\" sizes=\"(max-width: 225px) 100vw, 225px\" \/>Les deux cours et l&rsquo;escalier du palais sont orn\u00e9s de sculptures, de reliefs et de vases anciens, provenant pour la plupart de fouilles arch\u00e9ologiques effectu\u00e9es sur les domaines de la famille Mattei. L&rsquo;ensemble des antiquit\u00e9s encore conserv\u00e9es \u00e0 l&rsquo;int\u00e9rieur constituait l&rsquo;une des collections de marbres antiques les plus pr\u00e9cieuses parmi les collections priv\u00e9es de Rome. Les salles du palais, en particulier celles du piano nobile qui abritent le Centre d&rsquo;\u00e9tudes am\u00e9ricaines, poss\u00e8dent des vo\u00fbtes peintes par les artistes les plus \u00e9minents actifs \u00e0 Rome au d\u00e9but du XVIIe si\u00e8cle, tels que Francesco Albani (Histoires de la Bible), Gaspare Celio, Cristoforo Greppi, Giovanni Lanfranco et Pietro da Cortona (Histoires de Salomon). Les peintures qui ornaient les nombreuses pi\u00e8ces et la galerie sont aujourd&rsquo;hui conserv\u00e9es \u00e0 la Galerie nationale d&rsquo;art ancien du Palazzo Barberini.<\/span><\/p>\n<p>[\/et_pb_text][et_pb_text _builder_version=\u00a0\u00bb4.17.4&Prime; _module_preset=\u00a0\u00bbdefault\u00a0\u00bb text_font=\u00a0\u00bb||||||||\u00a0\u00bb text_font_size=\u00a0\u00bb16px\u00a0\u00bb text_line_height=\u00a0\u00bb2em\u00a0\u00bb header_font=\u00a0\u00bb||||||||\u00a0\u00bb header_2_font=\u00a0\u00bbMontserrat|800|||||||\u00a0\u00bb header_2_font_size=\u00a0\u00bb30px\u00a0\u00bb header_2_line_height=\u00a0\u00bb1.5em\u00a0\u00bb header_3_font=\u00a0\u00bb||||||||\u00a0\u00bb header_4_font=\u00a0\u00bb||||||||\u00a0\u00bb max_width_tablet=\u00a0\u00bb700px\u00a0\u00bb max_width_phone=\u00a0\u00bb700px\u00a0\u00bb max_width_last_edited=\u00a0\u00bboff|desktop\u00a0\u00bb min_height=\u00a0\u00bb165px\u00a0\u00bb custom_margin=\u00a0\u00bb|||\u00a0\u00bb custom_margin_tablet=\u00a0\u00bb|0px||\u00a0\u00bb custom_margin_phone=\u00a0\u00bb|0px||\u00a0\u00bb custom_margin_last_edited=\u00a0\u00bboff|desktop\u00a0\u00bb custom_padding=\u00a0\u00bb20px|||\u00a0\u00bb header_2_font_size_tablet=\u00a0\u00bb30px\u00a0\u00bb header_2_font_size_phone=\u00a0\u00bb20px\u00a0\u00bb header_2_font_size_last_edited=\u00a0\u00bbon|phone\u00a0\u00bb locked=\u00a0\u00bboff\u00a0\u00bb global_colors_info=\u00a0\u00bb{}\u00a0\u00bb]<\/p>\n<p class=\"unnamed2\" align=\"justify\"><span>Lorsque la lign\u00e9e masculine des Mattei di Giove s&rsquo;est \u00e9teinte au d\u00e9but du XIXe si\u00e8cle, le palais a \u00e9t\u00e9 h\u00e9rit\u00e9 par Marianna, fille de Giuseppe Mattei et \u00e9pouse de Carlo Teodoro Antici di Recanati, fr\u00e8re d&rsquo;Adelaide, m\u00e8re de Giacomo Leopardi, qui y a s\u00e9journ\u00e9 entre novembre 1822 et avril 1823.<br \/><\/span><\/p>\n<p class=\"unnamed2\" align=\"justify\"><span>Le b\u00e2timent abrite \u00e9galement l&rsquo;Institut central du son et de l&rsquo;audiovisuel (anciennement la State Record Library), l&rsquo;Institut historique pour les \u00e2ges modernes et contemporains et le Centre d&rsquo;\u00e9tudes am\u00e9ricaines.<\/span><\/p>\n<p class=\"unnamed2\" align=\"justify\"><span><\/span><\/p>\n<p class=\"unnamed2\" align=\"justify\"><span>Sur le Palazzo Mattei di Giove cf : <a href=\"http:\/\/bsmc.it\/images\/pdf\/bsmc\/2016_varagnoli_saggio.pdf\"><b>Claudio Varagnoli, H\u00e9ritage du XVIe si\u00e8cle et ouverture \u00e0 la nouveaut\u00e9 dans la construction du Palazzo Mattei di Giove \u00e0 Rome, <\/b>\u00e0 \u00ab\u00a0Annali di architettura\u00a0\u00bb, 1998-1999, nn. 10-11<\/a><\/span><\/p>\n<p>Sur le b\u00e2timent et ses environs, voir <a href=\"http:\/\/bsmc.it\/images\/pdf\/bsmc\/palazzomattei.pdf\"><b>Michelangiolo Prunetti, <i>L&rsquo;osservatore delle Belle Arti in Roma ossia Esame analitico de&rsquo; monumenti antichi, e moderni spettanti alla pittura, scultura, e architettura tuttora esistenti nelle chiese, gallerie, ville, ed altri luoghi dell&rsquo;alma citt\u00e0 di Roma. Tome 2 : De la partie occidentale de Rome<\/i><\/b>, In Roma : dalli torchj di Crispino Puccinelli a S. Andrea della Valle, 1811<\/a><\/p>\n<p>Sur l&rsquo;Insula Mattei, cf: <a href=\"http:\/\/151.13.7.37\/images\/pdf\/bsmc\/insulamattei.pdf\"><b>Insula Mattei<\/b> (d\u00e9pliant des instituts culturels bas\u00e9s dans l&rsquo;Insula, publi\u00e9 \u00e0 la fin des ann\u00e9es 1990)<\/a><\/p>\n<p>[\/et_pb_text][\/et_pb_column][\/et_pb_row][\/et_pb_section]<\/p>\n","protected":false},"excerpt":{"rendered":"<p>Le si\u00e8ge Palazzo Mattei di Giove \u00e9galement connu sous le nom de Antici Mattei.Le si\u00e8geLa biblioth\u00e8que est situ\u00e9e dans le Palazzo Mattei di Giove \u00e9galement appel\u00e9 Antici Mattei. Au deuxi\u00e8me [&hellip;]<\/p>\n","protected":false},"author":2,"featured_media":0,"parent":0,"menu_order":0,"comment_status":"closed","ping_status":"closed","template":"","meta":{"_et_pb_use_builder":"on","_et_pb_old_content":"","_et_gb_content_width":"","footnotes":""},"class_list":["post-258410","page","type-page","status-publish","hentry"],"yoast_head":"<!-- This site is optimized with the Yoast SEO plugin v27.4 - https:\/\/yoast.com\/product\/yoast-seo-wordpress\/ -->\n<title>LE SI\u00c8GE - Biblioteca di Storia Moderna e Contemporanea<\/title>\n<meta name=\"robots\" content=\"index, follow, max-snippet:-1, max-image-preview:large, max-video-preview:-1\" \/>\n<link rel=\"canonical\" href=\"https:\/\/bsmc.cultura.gov.it\/fr\/le-siege\/\" \/>\n<meta property=\"og:locale\" content=\"fr_FR\" \/>\n<meta property=\"og:type\" content=\"article\" \/>\n<meta property=\"og:title\" content=\"LE SI\u00c8GE - Biblioteca di Storia Moderna e Contemporanea\" \/>\n<meta property=\"og:description\" content=\"Le si\u00e8ge Palazzo Mattei di Giove \u00e9galement connu sous le nom de Antici Mattei.Le si\u00e8geLa biblioth\u00e8que est situ\u00e9e dans le Palazzo Mattei di Giove \u00e9galement appel\u00e9 Antici Mattei. Au deuxi\u00e8me [&hellip;]\" \/>\n<meta property=\"og:url\" content=\"https:\/\/bsmc.cultura.gov.it\/fr\/le-siege\/\" \/>\n<meta property=\"og:site_name\" content=\"Biblioteca di Storia Moderna e Contemporanea\" \/>\n<meta property=\"article:modified_time\" content=\"2024-12-03T14:34:07+00:00\" \/>\n<meta property=\"og:image\" content=\"http:\/\/bsmc.cultura.gov.it\/wp-content\/uploads\/2022\/06\/6_archi-225x300.jpg\" \/>\n<meta name=\"twitter:card\" content=\"summary_large_image\" \/>\n<meta name=\"twitter:label1\" content=\"Dur\u00e9e de lecture estim\u00e9e\" \/>\n\t<meta name=\"twitter:data1\" content=\"8 minutes\" \/>\n<script type=\"application\/ld+json\" class=\"yoast-schema-graph\">{\"@context\":\"https:\\\/\\\/schema.org\",\"@graph\":[{\"@type\":\"WebPage\",\"@id\":\"https:\\\/\\\/bsmc.cultura.gov.it\\\/fr\\\/le-siege\\\/\",\"url\":\"https:\\\/\\\/bsmc.cultura.gov.it\\\/fr\\\/le-siege\\\/\",\"name\":\"LE SI\u00c8GE - Biblioteca di Storia Moderna e Contemporanea\",\"isPartOf\":{\"@id\":\"https:\\\/\\\/bsmc.cultura.gov.it\\\/fr\\\/#website\"},\"primaryImageOfPage\":{\"@id\":\"https:\\\/\\\/bsmc.cultura.gov.it\\\/fr\\\/le-siege\\\/#primaryimage\"},\"image\":{\"@id\":\"https:\\\/\\\/bsmc.cultura.gov.it\\\/fr\\\/le-siege\\\/#primaryimage\"},\"thumbnailUrl\":\"http:\\\/\\\/bsmc.cultura.gov.it\\\/wp-content\\\/uploads\\\/2022\\\/06\\\/6_archi-225x300.jpg\",\"datePublished\":\"2022-06-27T04:42:04+00:00\",\"dateModified\":\"2024-12-03T14:34:07+00:00\",\"breadcrumb\":{\"@id\":\"https:\\\/\\\/bsmc.cultura.gov.it\\\/fr\\\/le-siege\\\/#breadcrumb\"},\"inLanguage\":\"fr-FR\",\"potentialAction\":[{\"@type\":\"ReadAction\",\"target\":[\"https:\\\/\\\/bsmc.cultura.gov.it\\\/fr\\\/le-siege\\\/\"]}]},{\"@type\":\"ImageObject\",\"inLanguage\":\"fr-FR\",\"@id\":\"https:\\\/\\\/bsmc.cultura.gov.it\\\/fr\\\/le-siege\\\/#primaryimage\",\"url\":\"http:\\\/\\\/bsmc.cultura.gov.it\\\/wp-content\\\/uploads\\\/2022\\\/06\\\/6_archi-225x300.jpg\",\"contentUrl\":\"http:\\\/\\\/bsmc.cultura.gov.it\\\/wp-content\\\/uploads\\\/2022\\\/06\\\/6_archi-225x300.jpg\"},{\"@type\":\"BreadcrumbList\",\"@id\":\"https:\\\/\\\/bsmc.cultura.gov.it\\\/fr\\\/le-siege\\\/#breadcrumb\",\"itemListElement\":[{\"@type\":\"ListItem\",\"position\":1,\"name\":\"Home\",\"item\":\"https:\\\/\\\/bsmc.cultura.gov.it\\\/fr\\\/\"},{\"@type\":\"ListItem\",\"position\":2,\"name\":\"LE SI\u00c8GE\"}]},{\"@type\":\"WebSite\",\"@id\":\"https:\\\/\\\/bsmc.cultura.gov.it\\\/fr\\\/#website\",\"url\":\"https:\\\/\\\/bsmc.cultura.gov.it\\\/fr\\\/\",\"name\":\"Biblioteca di Storia Moderna e Contemporanea\",\"description\":\"DGBID\",\"potentialAction\":[{\"@type\":\"SearchAction\",\"target\":{\"@type\":\"EntryPoint\",\"urlTemplate\":\"https:\\\/\\\/bsmc.cultura.gov.it\\\/fr\\\/?s={search_term_string}\"},\"query-input\":{\"@type\":\"PropertyValueSpecification\",\"valueRequired\":true,\"valueName\":\"search_term_string\"}}],\"inLanguage\":\"fr-FR\"}]}<\/script>\n<!-- \/ Yoast SEO plugin. -->","yoast_head_json":{"title":"LE SI\u00c8GE - Biblioteca di Storia Moderna e Contemporanea","robots":{"index":"index","follow":"follow","max-snippet":"max-snippet:-1","max-image-preview":"max-image-preview:large","max-video-preview":"max-video-preview:-1"},"canonical":"https:\/\/bsmc.cultura.gov.it\/fr\/le-siege\/","og_locale":"fr_FR","og_type":"article","og_title":"LE SI\u00c8GE - Biblioteca di Storia Moderna e Contemporanea","og_description":"Le si\u00e8ge Palazzo Mattei di Giove \u00e9galement connu sous le nom de Antici Mattei.Le si\u00e8geLa biblioth\u00e8que est situ\u00e9e dans le Palazzo Mattei di Giove \u00e9galement appel\u00e9 Antici Mattei. Au deuxi\u00e8me [&hellip;]","og_url":"https:\/\/bsmc.cultura.gov.it\/fr\/le-siege\/","og_site_name":"Biblioteca di Storia Moderna e Contemporanea","article_modified_time":"2024-12-03T14:34:07+00:00","og_image":[{"url":"http:\/\/bsmc.cultura.gov.it\/wp-content\/uploads\/2022\/06\/6_archi-225x300.jpg","type":"","width":"","height":""}],"twitter_card":"summary_large_image","twitter_misc":{"Dur\u00e9e de lecture estim\u00e9e":"8 minutes"},"schema":{"@context":"https:\/\/schema.org","@graph":[{"@type":"WebPage","@id":"https:\/\/bsmc.cultura.gov.it\/fr\/le-siege\/","url":"https:\/\/bsmc.cultura.gov.it\/fr\/le-siege\/","name":"LE SI\u00c8GE - Biblioteca di Storia Moderna e Contemporanea","isPartOf":{"@id":"https:\/\/bsmc.cultura.gov.it\/fr\/#website"},"primaryImageOfPage":{"@id":"https:\/\/bsmc.cultura.gov.it\/fr\/le-siege\/#primaryimage"},"image":{"@id":"https:\/\/bsmc.cultura.gov.it\/fr\/le-siege\/#primaryimage"},"thumbnailUrl":"http:\/\/bsmc.cultura.gov.it\/wp-content\/uploads\/2022\/06\/6_archi-225x300.jpg","datePublished":"2022-06-27T04:42:04+00:00","dateModified":"2024-12-03T14:34:07+00:00","breadcrumb":{"@id":"https:\/\/bsmc.cultura.gov.it\/fr\/le-siege\/#breadcrumb"},"inLanguage":"fr-FR","potentialAction":[{"@type":"ReadAction","target":["https:\/\/bsmc.cultura.gov.it\/fr\/le-siege\/"]}]},{"@type":"ImageObject","inLanguage":"fr-FR","@id":"https:\/\/bsmc.cultura.gov.it\/fr\/le-siege\/#primaryimage","url":"http:\/\/bsmc.cultura.gov.it\/wp-content\/uploads\/2022\/06\/6_archi-225x300.jpg","contentUrl":"http:\/\/bsmc.cultura.gov.it\/wp-content\/uploads\/2022\/06\/6_archi-225x300.jpg"},{"@type":"BreadcrumbList","@id":"https:\/\/bsmc.cultura.gov.it\/fr\/le-siege\/#breadcrumb","itemListElement":[{"@type":"ListItem","position":1,"name":"Home","item":"https:\/\/bsmc.cultura.gov.it\/fr\/"},{"@type":"ListItem","position":2,"name":"LE SI\u00c8GE"}]},{"@type":"WebSite","@id":"https:\/\/bsmc.cultura.gov.it\/fr\/#website","url":"https:\/\/bsmc.cultura.gov.it\/fr\/","name":"Biblioteca di Storia Moderna e Contemporanea","description":"DGBID","potentialAction":[{"@type":"SearchAction","target":{"@type":"EntryPoint","urlTemplate":"https:\/\/bsmc.cultura.gov.it\/fr\/?s={search_term_string}"},"query-input":{"@type":"PropertyValueSpecification","valueRequired":true,"valueName":"search_term_string"}}],"inLanguage":"fr-FR"}]}},"_links":{"self":[{"href":"https:\/\/bsmc.cultura.gov.it\/fr\/wp-json\/wp\/v2\/pages\/258410","targetHints":{"allow":["GET"]}}],"collection":[{"href":"https:\/\/bsmc.cultura.gov.it\/fr\/wp-json\/wp\/v2\/pages"}],"about":[{"href":"https:\/\/bsmc.cultura.gov.it\/fr\/wp-json\/wp\/v2\/types\/page"}],"author":[{"embeddable":true,"href":"https:\/\/bsmc.cultura.gov.it\/fr\/wp-json\/wp\/v2\/users\/2"}],"replies":[{"embeddable":true,"href":"https:\/\/bsmc.cultura.gov.it\/fr\/wp-json\/wp\/v2\/comments?post=258410"}],"version-history":[{"count":3,"href":"https:\/\/bsmc.cultura.gov.it\/fr\/wp-json\/wp\/v2\/pages\/258410\/revisions"}],"predecessor-version":[{"id":258550,"href":"https:\/\/bsmc.cultura.gov.it\/fr\/wp-json\/wp\/v2\/pages\/258410\/revisions\/258550"}],"wp:attachment":[{"href":"https:\/\/bsmc.cultura.gov.it\/fr\/wp-json\/wp\/v2\/media?parent=258410"}],"curies":[{"name":"wp","href":"https:\/\/api.w.org\/{rel}","templated":true}]}}