{"id":258369,"date":"2022-06-27T06:57:47","date_gmt":"2022-06-27T04:57:47","guid":{"rendered":"https:\/\/bsmc.cultura.gov.it\/contexte-historique\/"},"modified":"2024-12-03T15:35:11","modified_gmt":"2024-12-03T14:35:11","slug":"contexte-historique","status":"publish","type":"page","link":"https:\/\/bsmc.cultura.gov.it\/fr\/contexte-historique\/","title":{"rendered":"CONTEXTE HISTORIQUE"},"content":{"rendered":"<p>[et_pb_section fb_built=\u00a0\u00bb1&Prime; admin_label=\u00a0\u00bbHero\u00a0\u00bb _builder_version=\u00a0\u00bb4.17.4&Prime; _module_preset=\u00a0\u00bbdefault\u00a0\u00bb background_color=\u00a0\u00bb#084666&Prime; use_background_color_gradient=\u00a0\u00bbon\u00a0\u00bb background_color_gradient_direction=\u00a0\u00bb170deg\u00a0\u00bb background_color_gradient_stops=\u00a0\u00bb#002e4f 1%|rgba(8,70,102,0.8) 100%\u00a0\u00bb background_color_gradient_overlays_image=\u00a0\u00bbon\u00a0\u00bb background_color_gradient_start=\u00a0\u00bb#002e4f\u00a0\u00bb background_color_gradient_start_position=\u00a0\u00bb1%\u00a0\u00bb background_color_gradient_end=\u00a0\u00bbrgba(8,70,102,0.8)\u00a0\u00bb background_image=\u00a0\u00bbhttp:\/\/bsmc.cultura.gov.it\/wp-content\/uploads\/2022\/06\/biblioteca.jpg\u00a0\u00bb custom_padding=\u00a0\u00bb|||\u00a0\u00bb global_colors_info=\u00a0\u00bb{}\u00a0\u00bb da_is_popup=\u00a0\u00bboff\u00a0\u00bb da_exit_intent=\u00a0\u00bboff\u00a0\u00bb da_has_close=\u00a0\u00bbon\u00a0\u00bb da_alt_close=\u00a0\u00bboff\u00a0\u00bb da_dark_close=\u00a0\u00bboff\u00a0\u00bb da_not_modal=\u00a0\u00bbon\u00a0\u00bb da_is_singular=\u00a0\u00bboff\u00a0\u00bb da_with_loader=\u00a0\u00bboff\u00a0\u00bb da_has_shadow=\u00a0\u00bbon\u00a0\u00bb da_disable_devices=\u00a0\u00bboff|off|off\u00a0\u00bb][et_pb_row _builder_version=\u00a0\u00bb4.16&Prime; _module_preset=\u00a0\u00bbdefault\u00a0\u00bb background_size=\u00a0\u00bbinitial\u00a0\u00bb background_position=\u00a0\u00bbtop_left\u00a0\u00bb background_repeat=\u00a0\u00bbrepeat\u00a0\u00bb custom_padding=\u00a0\u00bb27px|0px|27px|0px|false|false\u00a0\u00bb global_colors_info=\u00a0\u00bb{}\u00a0\u00bb][et_pb_column type=\u00a0\u00bb4_4&Prime; _builder_version=\u00a0\u00bb4.16&Prime; _module_preset=\u00a0\u00bbdefault\u00a0\u00bb custom_padding=\u00a0\u00bb|||\u00a0\u00bb global_colors_info=\u00a0\u00bb{}\u00a0\u00bb custom_padding__hover=\u00a0\u00bb|||\u00a0\u00bb][et_pb_text _builder_version=\u00a0\u00bb4.17.4&Prime; _module_preset=\u00a0\u00bbdefault\u00a0\u00bb text_font=\u00a0\u00bb||||||||\u00a0\u00bb text_font_size=\u00a0\u00bb20px\u00a0\u00bb text_line_height=\u00a0\u00bb1.8em\u00a0\u00bb header_font=\u00a0\u00bbOpen Sans|800|||||||\u00a0\u00bb header_font_size=\u00a0\u00bb60px\u00a0\u00bb header_line_height=\u00a0\u00bb1.3em\u00a0\u00bb background_size=\u00a0\u00bbinitial\u00a0\u00bb background_position=\u00a0\u00bbtop_left\u00a0\u00bb background_repeat=\u00a0\u00bbrepeat\u00a0\u00bb background_layout=\u00a0\u00bbdark\u00a0\u00bb max_width=\u00a0\u00bb600px\u00a0\u00bb custom_margin=\u00a0\u00bb|||\u00a0\u00bb custom_margin_tablet=\u00a0\u00bb|100px||\u00a0\u00bb custom_margin_phone=\u00a0\u00bb|30px||\u00a0\u00bb custom_margin_last_edited=\u00a0\u00bboff|desktop\u00a0\u00bb header_font_size_tablet=\u00a0\u00bb50px\u00a0\u00bb header_font_size_phone=\u00a0\u00bb40px\u00a0\u00bb header_font_size_last_edited=\u00a0\u00bbon|phone\u00a0\u00bb header_line_height_tablet=\u00a0\u00bb\u00a0\u00bb header_line_height_phone=\u00a0\u00bb\u00a0\u00bb header_line_height_last_edited=\u00a0\u00bbon|desktop\u00a0\u00bb global_colors_info=\u00a0\u00bb{}\u00a0\u00bb]<\/p>\n<h1>Contexte historique<\/h1>\n<p><span>Les origines de la Biblioth\u00e8que d&rsquo;histoire moderne et contemporaine remontent \u00e0 juin 1880.<\/span><\/p>\n<p>[\/et_pb_text][\/et_pb_column][\/et_pb_row][\/et_pb_section][et_pb_section fb_built=\u00a0\u00bb1&Prime; custom_padding_last_edited=\u00a0\u00bboff|desktop\u00a0\u00bb admin_label=\u00a0\u00bbStatistics\u00a0\u00bb _builder_version=\u00a0\u00bb4.16&Prime; _module_preset=\u00a0\u00bbdefault\u00a0\u00bb background_color=\u00a0\u00bb#f6f8fa\u00a0\u00bb custom_padding=\u00a0\u00bb54px|0px|54px|0px|false|false\u00a0\u00bb custom_padding_phone=\u00a0\u00bb50px||50px|\u00a0\u00bb global_colors_info=\u00a0\u00bb{}\u00a0\u00bb da_is_popup=\u00a0\u00bboff\u00a0\u00bb da_exit_intent=\u00a0\u00bboff\u00a0\u00bb da_has_close=\u00a0\u00bbon\u00a0\u00bb da_alt_close=\u00a0\u00bboff\u00a0\u00bb da_dark_close=\u00a0\u00bboff\u00a0\u00bb da_not_modal=\u00a0\u00bbon\u00a0\u00bb da_is_singular=\u00a0\u00bboff\u00a0\u00bb da_with_loader=\u00a0\u00bboff\u00a0\u00bb da_has_shadow=\u00a0\u00bbon\u00a0\u00bb da_disable_devices=\u00a0\u00bboff|off|off\u00a0\u00bb][et_pb_row _builder_version=\u00a0\u00bb4.16&Prime; _module_preset=\u00a0\u00bbdefault\u00a0\u00bb custom_padding=\u00a0\u00bb27px|0px|0|0px|false|false\u00a0\u00bb global_colors_info=\u00a0\u00bb{}\u00a0\u00bb][et_pb_column type=\u00a0\u00bb4_4&Prime; _builder_version=\u00a0\u00bb4.16&Prime; _module_preset=\u00a0\u00bbdefault\u00a0\u00bb custom_padding=\u00a0\u00bb|||\u00a0\u00bb global_colors_info=\u00a0\u00bb{}\u00a0\u00bb custom_padding__hover=\u00a0\u00bb|||\u00a0\u00bb][et_pb_text _builder_version=\u00a0\u00bb4.17.4&Prime; _module_preset=\u00a0\u00bbdefault\u00a0\u00bb text_font=\u00a0\u00bb||||||||\u00a0\u00bb text_font_size=\u00a0\u00bb16px\u00a0\u00bb text_line_height=\u00a0\u00bb2em\u00a0\u00bb header_font=\u00a0\u00bb||||||||\u00a0\u00bb header_2_font=\u00a0\u00bbMontserrat|800|||||||\u00a0\u00bb header_2_font_size=\u00a0\u00bb30px\u00a0\u00bb header_2_line_height=\u00a0\u00bb1.5em\u00a0\u00bb header_3_font=\u00a0\u00bb||||||||\u00a0\u00bb header_4_font=\u00a0\u00bb||||||||\u00a0\u00bb max_width_tablet=\u00a0\u00bb700px\u00a0\u00bb max_width_phone=\u00a0\u00bb700px\u00a0\u00bb max_width_last_edited=\u00a0\u00bboff|desktop\u00a0\u00bb custom_margin=\u00a0\u00bb|||\u00a0\u00bb custom_margin_tablet=\u00a0\u00bb|0px||\u00a0\u00bb custom_margin_phone=\u00a0\u00bb|0px||\u00a0\u00bb custom_margin_last_edited=\u00a0\u00bboff|desktop\u00a0\u00bb custom_padding=\u00a0\u00bb20px|||\u00a0\u00bb header_2_font_size_tablet=\u00a0\u00bb30px\u00a0\u00bb header_2_font_size_phone=\u00a0\u00bb20px\u00a0\u00bb header_2_font_size_last_edited=\u00a0\u00bbon|phone\u00a0\u00bb border_color_all=\u00a0\u00bb#E02B20&Prime; border_width_top=\u00a0\u00bb2px\u00a0\u00bb locked=\u00a0\u00bboff\u00a0\u00bb global_colors_info=\u00a0\u00bb{}\u00a0\u00bb]<\/p>\n<h2>L&rsquo;histoire<\/h2>\n<p>[\/et_pb_text][\/et_pb_column][\/et_pb_row][et_pb_row _builder_version=\u00a0\u00bb4.16&Prime; _module_preset=\u00a0\u00bbdefault\u00a0\u00bb custom_padding=\u00a0\u00bb0|0px|27px|0px|false|false\u00a0\u00bb global_colors_info=\u00a0\u00bb{}\u00a0\u00bb][et_pb_column type=\u00a0\u00bb4_4&Prime; _builder_version=\u00a0\u00bb4.16&Prime; _module_preset=\u00a0\u00bbdefault\u00a0\u00bb custom_padding=\u00a0\u00bb|||\u00a0\u00bb global_colors_info=\u00a0\u00bb{}\u00a0\u00bb custom_padding__hover=\u00a0\u00bb|||\u00a0\u00bb][et_pb_text _builder_version=\u00a0\u00bb4.17.4&Prime; _module_preset=\u00a0\u00bbdefault\u00a0\u00bb text_font=\u00a0\u00bb||||||||\u00a0\u00bb text_font_size=\u00a0\u00bb16px\u00a0\u00bb text_line_height=\u00a0\u00bb2em\u00a0\u00bb header_font=\u00a0\u00bb||||||||\u00a0\u00bb header_2_font=\u00a0\u00bbMontserrat|800|||||||\u00a0\u00bb header_2_font_size=\u00a0\u00bb30px\u00a0\u00bb header_2_line_height=\u00a0\u00bb1.5em\u00a0\u00bb header_3_font=\u00a0\u00bb||||||||\u00a0\u00bb header_4_font=\u00a0\u00bb||||||||\u00a0\u00bb max_width_tablet=\u00a0\u00bb700px\u00a0\u00bb max_width_phone=\u00a0\u00bb700px\u00a0\u00bb max_width_last_edited=\u00a0\u00bboff|desktop\u00a0\u00bb custom_margin=\u00a0\u00bb||0px|||\u00a0\u00bb custom_margin_tablet=\u00a0\u00bb|0px||\u00a0\u00bb custom_margin_phone=\u00a0\u00bb|0px||\u00a0\u00bb custom_margin_last_edited=\u00a0\u00bboff|desktop\u00a0\u00bb custom_padding=\u00a0\u00bb20px|||\u00a0\u00bb header_2_font_size_tablet=\u00a0\u00bb30px\u00a0\u00bb header_2_font_size_phone=\u00a0\u00bb20px\u00a0\u00bb header_2_font_size_last_edited=\u00a0\u00bbon|phone\u00a0\u00bb locked=\u00a0\u00bboff\u00a0\u00bb global_colors_info=\u00a0\u00bb{}\u00a0\u00bb]<\/p>\n<p><span>Les origines de la Biblioth\u00e8que d&rsquo;histoire moderne et contemporaine remontent \u00e0 juin 1880, lorsque la Chambre des d\u00e9put\u00e9s a approuv\u00e9 la proposition de Pasquale Villari de cr\u00e9er une collection de livres, de brochures et de documents relatifs au Risorgimento italien. C&rsquo;est ainsi qu&rsquo;est n\u00e9e la Section Risorgimento de la Biblioth\u00e8que nationale Vittorio Emanuele II de Rome, dont le directeur, Domenico Gnoli, a entrepris d&rsquo;acqu\u00e9rir le noyau originel des collections \u00e0 travers un r\u00e9seau dense de relations avec des librairies anciennes et avec les protagonistes des \u00e9v\u00e9nements du Risorgimento eux-m\u00eames, ou leurs descendants.<br \/>En 1906, \u00e0 l&rsquo;initiative du ministre de l&rsquo;\u00c9ducation Paolo Boselli, le Comit\u00e9 national pour l&rsquo;histoire du Risorgimento est cr\u00e9\u00e9 par le d\u00e9cret royal n\u00b0 212 du 17 mai 1906, avec pour mission de constituer une biblioth\u00e8que et un mus\u00e9e du Risorgimento, qui seront install\u00e9s dans le monument d\u00e9di\u00e9 au roi Victor-Emmanuel II sur le Capitole. Le Comit\u00e9 s&rsquo;est vu confier la section Risorgimento qui, selon l&rsquo;A.R. n\u00b0 730 du 22 novembre 1906, resterait entre les mains du directeur de la Biblioth\u00e8que nationale dans les locaux de l&rsquo;ancien Coll\u00e8ge des J\u00e9suites romains en attendant l&rsquo;ach\u00e8vement de la construction du monument. Le Comit\u00e9, entr\u00e9 en fonction en 1909, poursuivit au cours des ann\u00e9es suivantes une vaste politique d&rsquo;acquisition de mat\u00e9riel du Risorgimento qui permit d&rsquo;\u00e9largir et d&rsquo;enrichir les collections.<\/span><\/p>\n<p><span><img loading=\"lazy\" decoding=\"async\" src=\"http:\/\/bsmc.cultura.gov.it\/wp-content\/uploads\/2022\/06\/immaginecredito.jpg\" width=\"200\" height=\"298\" alt=\"\" class=\"wp-image-72 alignright size-full\" \/>Avec l&rsquo;\u00e9clatement de la Seconde Guerre mondiale, le Comit\u00e9 a entrepris de trouver toutes sortes de preuves bibliographiques et documentaires sur la guerre, consid\u00e9r\u00e9e \u00e0 l&rsquo;\u00e9poque comme le couronnement du Risorgimento national. En 1917, par le d\u00e9cret royal n\u00b0 336 du 15 f\u00e9vrier 1917, la section Risorgimento prend le nom de Biblioth\u00e8que centrale du Risorgimento, assumant ainsi la physionomie d&rsquo;une biblioth\u00e8que autonome avec son propre conservateur.<br \/>La s\u00e9paration d\u00e9finitive d&rsquo;avec la Biblioth\u00e8que nationale a \u00e9t\u00e9 sanctionn\u00e9e en 1921 par le transfert des collections au Palazzetto Venezia, en attendant que les locaux du Vittoriano soient pr\u00eats. Le d\u00e9cret royal n\u00b0 9320 du 27 septembre 1923 modifie \u00e0 nouveau le nom en Biblioteca Museo Archivio del Risorgimento et le d\u00e9cret royal n\u00b0 1821 du 23 octobre 1924 \u00e9tablit la nomination d&rsquo;un conservateur-conservateur appartenant au r\u00f4le des biblioth\u00e9caires et d\u00e9pendant directement du minist\u00e8re de l&rsquo;\u00c9ducation. <\/span><\/p>\n<p>[\/et_pb_text][et_pb_text _builder_version=\u00a0\u00bb4.17.4&Prime; _module_preset=\u00a0\u00bbdefault\u00a0\u00bb text_font=\u00a0\u00bb||||||||\u00a0\u00bb text_font_size=\u00a0\u00bb16px\u00a0\u00bb text_line_height=\u00a0\u00bb2em\u00a0\u00bb header_font=\u00a0\u00bb||||||||\u00a0\u00bb header_2_font=\u00a0\u00bbMontserrat|800|||||||\u00a0\u00bb header_2_font_size=\u00a0\u00bb30px\u00a0\u00bb header_2_line_height=\u00a0\u00bb1.5em\u00a0\u00bb header_3_font=\u00a0\u00bb||||||||\u00a0\u00bb header_4_font=\u00a0\u00bb||||||||\u00a0\u00bb max_width_tablet=\u00a0\u00bb700px\u00a0\u00bb max_width_phone=\u00a0\u00bb700px\u00a0\u00bb max_width_last_edited=\u00a0\u00bboff|desktop\u00a0\u00bb min_height=\u00a0\u00bb165px\u00a0\u00bb custom_margin=\u00a0\u00bb|||\u00a0\u00bb custom_margin_tablet=\u00a0\u00bb|0px||\u00a0\u00bb custom_margin_phone=\u00a0\u00bb|0px||\u00a0\u00bb custom_margin_last_edited=\u00a0\u00bboff|desktop\u00a0\u00bb custom_padding=\u00a0\u00bb20px|||\u00a0\u00bb header_2_font_size_tablet=\u00a0\u00bb30px\u00a0\u00bb header_2_font_size_phone=\u00a0\u00bb20px\u00a0\u00bb header_2_font_size_last_edited=\u00a0\u00bbon|phone\u00a0\u00bb locked=\u00a0\u00bboff\u00a0\u00bb global_colors_info=\u00a0\u00bb{}\u00a0\u00bb]<\/p>\n<p class=\"unnamed2\" align=\"justify\"><span class=\"unnamed2\">Dans les ann\u00e9es 1930, plusieurs mesures ont profond\u00e9ment modifi\u00e9 le caract\u00e8re de la Biblioth\u00e8que. Le d\u00e9cret royal n\u00b0 1226 du 20 juillet 1934, relatif \u00e0 la r\u00e9organisation des instituts historiques, supprime le Comit\u00e9 national pour l&rsquo;histoire du Risorgimento et confie la collection du mus\u00e9e \u00e0 la Soci\u00e9t\u00e9 nationale pour l&rsquo;histoire du Risorgimento, tandis que la Biblioth\u00e8que est plac\u00e9e sous la tutelle d&rsquo;un organisme nouvellement cr\u00e9\u00e9, l&rsquo;Institut historique italien pour l&rsquo;\u00e9poque moderne et contemporaine. Dans les ann\u00e9es 1937-1938, la collection Risorgimento a \u00e9t\u00e9 d\u00e9membr\u00e9e : le mat\u00e9riel bibliographique est rest\u00e9 \u00e0 la Biblioth\u00e8que, tandis que le mat\u00e9riel mus\u00e9al et une partie du mat\u00e9riel documentaire ont \u00e9t\u00e9 remis \u00e0 l&rsquo;Institut, dont le si\u00e8ge se trouve au Vittoriano. Par le d\u00e9cret royal n\u00b0 2181 du 22 novembre 1937, la biblioth\u00e8que prend son nom actuel de Biblioth\u00e8que d&rsquo;histoire moderne et contemporaine et en 1939, dernier acte de cette affaire complexe, elle d\u00e9m\u00e9nage au Palazzo Mattei di Giove, o\u00f9 elle se trouve encore aujourd&rsquo;hui. <\/span><\/p>\n<p class=\"styleprova\" align=\"justify\"><span class=\"unnamed2\"><img loading=\"lazy\" decoding=\"async\" src=\"http:\/\/bsmc.cultura.gov.it\/wp-content\/uploads\/2022\/06\/immaginestoria1-223x300.jpg\" width=\"223\" height=\"300\" alt=\"\" class=\"wp-image-73 alignleft size-medium\" srcset=\"https:\/\/bsmc.cultura.gov.it\/wp-content\/uploads\/2022\/06\/immaginestoria1-223x300.jpg 223w, https:\/\/bsmc.cultura.gov.it\/wp-content\/uploads\/2022\/06\/immaginestoria1.jpg 250w\" sizes=\"(max-width: 223px) 100vw, 223px\" \/>D&rsquo;un point de vue institutionnel, avec le d\u00e9cret l\u00e9gislatif n\u00b0 356 du 12 avril 1945, la Biblioth\u00e8que a \u00e9t\u00e9 plac\u00e9e sous l&rsquo;autorit\u00e9 directe du minist\u00e8re de l&rsquo;Instruction publique, puis, \u00e0 partir de 1975, du minist\u00e8re des Biens culturels et environnementaux, devenu en 2021 le minist\u00e8re de la Culture, \u00e0 travers de nombreuses \u00e9tapes institutionnelles. En ce qui concerne les objectifs de la Biblioth\u00e8que, jusqu&rsquo;aux ann\u00e9es 1950, elle reste principalement li\u00e9e aux \u00e9tudes sur le Risorgimento, tandis qu&rsquo;\u00e0 partir des ann\u00e9es 1960, elle \u00e9largit son champ d&rsquo;int\u00e9r\u00eat \u00e0 l&rsquo;histoire italienne et europ\u00e9enne des XIXe et XXe si\u00e8cles. <\/span><\/p>\n<p class=\"styleprova\" align=\"justify\"><span class=\"unnamed2\"> Les orientations actuelles tendent \u00e0 fournir des outils de base pour l&rsquo;\u00e9tude de l&rsquo;histoire de l&rsquo;Italie et d&rsquo;autres pays aux XVIe et XXe si\u00e8cles, en mettant l&rsquo;accent sur les XIXe et XXe si\u00e8cles. Une attention particuli\u00e8re est accord\u00e9e \u00e0 l&rsquo;int\u00e9gration de la documentation originale, notamment les collections de p\u00e9riodiques des XIXe et XXe si\u00e8cles. <\/span><\/p>\n<p>&nbsp;<\/p>\n<p>[\/et_pb_text][\/et_pb_column][\/et_pb_row][\/et_pb_section]<\/p>\n","protected":false},"excerpt":{"rendered":"<p>Contexte historique Les origines de la Biblioth\u00e8que d&rsquo;histoire moderne et contemporaine remontent \u00e0 juin 1880.L&rsquo;histoireLes origines de la Biblioth\u00e8que d&rsquo;histoire moderne et contemporaine remontent \u00e0 juin 1880, lorsque la Chambre [&hellip;]<\/p>\n","protected":false},"author":2,"featured_media":0,"parent":0,"menu_order":0,"comment_status":"closed","ping_status":"closed","template":"","meta":{"_et_pb_use_builder":"on","_et_pb_old_content":"","_et_gb_content_width":"","footnotes":""},"class_list":["post-258369","page","type-page","status-publish","hentry"],"yoast_head":"<!-- This site is optimized with the Yoast SEO plugin v27.4 - https:\/\/yoast.com\/product\/yoast-seo-wordpress\/ -->\n<title>CONTEXTE HISTORIQUE - Biblioteca di Storia Moderna e Contemporanea<\/title>\n<meta name=\"robots\" content=\"index, follow, max-snippet:-1, max-image-preview:large, max-video-preview:-1\" \/>\n<link rel=\"canonical\" href=\"https:\/\/bsmc.cultura.gov.it\/fr\/contexte-historique\/\" \/>\n<meta property=\"og:locale\" content=\"fr_FR\" \/>\n<meta property=\"og:type\" content=\"article\" \/>\n<meta property=\"og:title\" content=\"CONTEXTE HISTORIQUE - Biblioteca di Storia Moderna e Contemporanea\" \/>\n<meta property=\"og:description\" content=\"Contexte historique Les origines de la Biblioth\u00e8que d&#039;histoire moderne et contemporaine remontent \u00e0 juin 1880.L&#039;histoireLes origines de la Biblioth\u00e8que d&#039;histoire moderne et contemporaine remontent \u00e0 juin 1880, lorsque la Chambre [&hellip;]\" \/>\n<meta property=\"og:url\" content=\"https:\/\/bsmc.cultura.gov.it\/fr\/contexte-historique\/\" \/>\n<meta property=\"og:site_name\" content=\"Biblioteca di Storia Moderna e Contemporanea\" \/>\n<meta property=\"article:modified_time\" content=\"2024-12-03T14:35:11+00:00\" \/>\n<meta property=\"og:image\" content=\"http:\/\/bsmc.cultura.gov.it\/wp-content\/uploads\/2022\/06\/immaginecredito.jpg\" \/>\n<meta name=\"twitter:card\" content=\"summary_large_image\" \/>\n<meta name=\"twitter:label1\" content=\"Dur\u00e9e de lecture estim\u00e9e\" \/>\n\t<meta name=\"twitter:data1\" content=\"7 minutes\" \/>\n<script type=\"application\/ld+json\" class=\"yoast-schema-graph\">{\"@context\":\"https:\\\/\\\/schema.org\",\"@graph\":[{\"@type\":\"WebPage\",\"@id\":\"https:\\\/\\\/bsmc.cultura.gov.it\\\/fr\\\/contexte-historique\\\/\",\"url\":\"https:\\\/\\\/bsmc.cultura.gov.it\\\/fr\\\/contexte-historique\\\/\",\"name\":\"CONTEXTE HISTORIQUE - Biblioteca di Storia Moderna e Contemporanea\",\"isPartOf\":{\"@id\":\"https:\\\/\\\/bsmc.cultura.gov.it\\\/fr\\\/#website\"},\"primaryImageOfPage\":{\"@id\":\"https:\\\/\\\/bsmc.cultura.gov.it\\\/fr\\\/contexte-historique\\\/#primaryimage\"},\"image\":{\"@id\":\"https:\\\/\\\/bsmc.cultura.gov.it\\\/fr\\\/contexte-historique\\\/#primaryimage\"},\"thumbnailUrl\":\"http:\\\/\\\/bsmc.cultura.gov.it\\\/wp-content\\\/uploads\\\/2022\\\/06\\\/immaginecredito.jpg\",\"datePublished\":\"2022-06-27T04:57:47+00:00\",\"dateModified\":\"2024-12-03T14:35:11+00:00\",\"breadcrumb\":{\"@id\":\"https:\\\/\\\/bsmc.cultura.gov.it\\\/fr\\\/contexte-historique\\\/#breadcrumb\"},\"inLanguage\":\"fr-FR\",\"potentialAction\":[{\"@type\":\"ReadAction\",\"target\":[\"https:\\\/\\\/bsmc.cultura.gov.it\\\/fr\\\/contexte-historique\\\/\"]}]},{\"@type\":\"ImageObject\",\"inLanguage\":\"fr-FR\",\"@id\":\"https:\\\/\\\/bsmc.cultura.gov.it\\\/fr\\\/contexte-historique\\\/#primaryimage\",\"url\":\"http:\\\/\\\/bsmc.cultura.gov.it\\\/wp-content\\\/uploads\\\/2022\\\/06\\\/immaginecredito.jpg\",\"contentUrl\":\"http:\\\/\\\/bsmc.cultura.gov.it\\\/wp-content\\\/uploads\\\/2022\\\/06\\\/immaginecredito.jpg\"},{\"@type\":\"BreadcrumbList\",\"@id\":\"https:\\\/\\\/bsmc.cultura.gov.it\\\/fr\\\/contexte-historique\\\/#breadcrumb\",\"itemListElement\":[{\"@type\":\"ListItem\",\"position\":1,\"name\":\"Home\",\"item\":\"https:\\\/\\\/bsmc.cultura.gov.it\\\/fr\\\/\"},{\"@type\":\"ListItem\",\"position\":2,\"name\":\"CONTEXTE HISTORIQUE\"}]},{\"@type\":\"WebSite\",\"@id\":\"https:\\\/\\\/bsmc.cultura.gov.it\\\/fr\\\/#website\",\"url\":\"https:\\\/\\\/bsmc.cultura.gov.it\\\/fr\\\/\",\"name\":\"Biblioteca di Storia Moderna e Contemporanea\",\"description\":\"DGBID\",\"potentialAction\":[{\"@type\":\"SearchAction\",\"target\":{\"@type\":\"EntryPoint\",\"urlTemplate\":\"https:\\\/\\\/bsmc.cultura.gov.it\\\/fr\\\/?s={search_term_string}\"},\"query-input\":{\"@type\":\"PropertyValueSpecification\",\"valueRequired\":true,\"valueName\":\"search_term_string\"}}],\"inLanguage\":\"fr-FR\"}]}<\/script>\n<!-- \/ Yoast SEO plugin. -->","yoast_head_json":{"title":"CONTEXTE HISTORIQUE - Biblioteca di Storia Moderna e Contemporanea","robots":{"index":"index","follow":"follow","max-snippet":"max-snippet:-1","max-image-preview":"max-image-preview:large","max-video-preview":"max-video-preview:-1"},"canonical":"https:\/\/bsmc.cultura.gov.it\/fr\/contexte-historique\/","og_locale":"fr_FR","og_type":"article","og_title":"CONTEXTE HISTORIQUE - Biblioteca di Storia Moderna e Contemporanea","og_description":"Contexte historique Les origines de la Biblioth\u00e8que d'histoire moderne et contemporaine remontent \u00e0 juin 1880.L'histoireLes origines de la Biblioth\u00e8que d'histoire moderne et contemporaine remontent \u00e0 juin 1880, lorsque la Chambre [&hellip;]","og_url":"https:\/\/bsmc.cultura.gov.it\/fr\/contexte-historique\/","og_site_name":"Biblioteca di Storia Moderna e Contemporanea","article_modified_time":"2024-12-03T14:35:11+00:00","og_image":[{"url":"http:\/\/bsmc.cultura.gov.it\/wp-content\/uploads\/2022\/06\/immaginecredito.jpg","type":"","width":"","height":""}],"twitter_card":"summary_large_image","twitter_misc":{"Dur\u00e9e de lecture estim\u00e9e":"7 minutes"},"schema":{"@context":"https:\/\/schema.org","@graph":[{"@type":"WebPage","@id":"https:\/\/bsmc.cultura.gov.it\/fr\/contexte-historique\/","url":"https:\/\/bsmc.cultura.gov.it\/fr\/contexte-historique\/","name":"CONTEXTE HISTORIQUE - Biblioteca di Storia Moderna e Contemporanea","isPartOf":{"@id":"https:\/\/bsmc.cultura.gov.it\/fr\/#website"},"primaryImageOfPage":{"@id":"https:\/\/bsmc.cultura.gov.it\/fr\/contexte-historique\/#primaryimage"},"image":{"@id":"https:\/\/bsmc.cultura.gov.it\/fr\/contexte-historique\/#primaryimage"},"thumbnailUrl":"http:\/\/bsmc.cultura.gov.it\/wp-content\/uploads\/2022\/06\/immaginecredito.jpg","datePublished":"2022-06-27T04:57:47+00:00","dateModified":"2024-12-03T14:35:11+00:00","breadcrumb":{"@id":"https:\/\/bsmc.cultura.gov.it\/fr\/contexte-historique\/#breadcrumb"},"inLanguage":"fr-FR","potentialAction":[{"@type":"ReadAction","target":["https:\/\/bsmc.cultura.gov.it\/fr\/contexte-historique\/"]}]},{"@type":"ImageObject","inLanguage":"fr-FR","@id":"https:\/\/bsmc.cultura.gov.it\/fr\/contexte-historique\/#primaryimage","url":"http:\/\/bsmc.cultura.gov.it\/wp-content\/uploads\/2022\/06\/immaginecredito.jpg","contentUrl":"http:\/\/bsmc.cultura.gov.it\/wp-content\/uploads\/2022\/06\/immaginecredito.jpg"},{"@type":"BreadcrumbList","@id":"https:\/\/bsmc.cultura.gov.it\/fr\/contexte-historique\/#breadcrumb","itemListElement":[{"@type":"ListItem","position":1,"name":"Home","item":"https:\/\/bsmc.cultura.gov.it\/fr\/"},{"@type":"ListItem","position":2,"name":"CONTEXTE HISTORIQUE"}]},{"@type":"WebSite","@id":"https:\/\/bsmc.cultura.gov.it\/fr\/#website","url":"https:\/\/bsmc.cultura.gov.it\/fr\/","name":"Biblioteca di Storia Moderna e Contemporanea","description":"DGBID","potentialAction":[{"@type":"SearchAction","target":{"@type":"EntryPoint","urlTemplate":"https:\/\/bsmc.cultura.gov.it\/fr\/?s={search_term_string}"},"query-input":{"@type":"PropertyValueSpecification","valueRequired":true,"valueName":"search_term_string"}}],"inLanguage":"fr-FR"}]}},"_links":{"self":[{"href":"https:\/\/bsmc.cultura.gov.it\/fr\/wp-json\/wp\/v2\/pages\/258369","targetHints":{"allow":["GET"]}}],"collection":[{"href":"https:\/\/bsmc.cultura.gov.it\/fr\/wp-json\/wp\/v2\/pages"}],"about":[{"href":"https:\/\/bsmc.cultura.gov.it\/fr\/wp-json\/wp\/v2\/types\/page"}],"author":[{"embeddable":true,"href":"https:\/\/bsmc.cultura.gov.it\/fr\/wp-json\/wp\/v2\/users\/2"}],"replies":[{"embeddable":true,"href":"https:\/\/bsmc.cultura.gov.it\/fr\/wp-json\/wp\/v2\/comments?post=258369"}],"version-history":[{"count":3,"href":"https:\/\/bsmc.cultura.gov.it\/fr\/wp-json\/wp\/v2\/pages\/258369\/revisions"}],"predecessor-version":[{"id":258551,"href":"https:\/\/bsmc.cultura.gov.it\/fr\/wp-json\/wp\/v2\/pages\/258369\/revisions\/258551"}],"wp:attachment":[{"href":"https:\/\/bsmc.cultura.gov.it\/fr\/wp-json\/wp\/v2\/media?parent=258369"}],"curies":[{"name":"wp","href":"https:\/\/api.w.org\/{rel}","templated":true}]}}