{"id":258353,"date":"2022-06-27T07:58:00","date_gmt":"2022-06-27T05:58:00","guid":{"rendered":"https:\/\/bsmc.cultura.gov.it\/catalogues\/"},"modified":"2024-12-03T15:37:05","modified_gmt":"2024-12-03T14:37:05","slug":"catalogues","status":"publish","type":"page","link":"https:\/\/bsmc.cultura.gov.it\/fr\/catalogues\/","title":{"rendered":"CATALOGUES"},"content":{"rendered":"<p>[et_pb_section fb_built=\u00a0\u00bb1&Prime; admin_label=\u00a0\u00bbHero\u00a0\u00bb _builder_version=\u00a0\u00bb4.17.4&Prime; _module_preset=\u00a0\u00bbdefault\u00a0\u00bb background_color=\u00a0\u00bb#084666&Prime; use_background_color_gradient=\u00a0\u00bbon\u00a0\u00bb background_color_gradient_direction=\u00a0\u00bb170deg\u00a0\u00bb background_color_gradient_stops=\u00a0\u00bb#002e4f 1%|rgba(8,70,102,0.8) 100%\u00a0\u00bb background_color_gradient_overlays_image=\u00a0\u00bbon\u00a0\u00bb background_color_gradient_start=\u00a0\u00bb#002e4f\u00a0\u00bb background_color_gradient_start_position=\u00a0\u00bb1%\u00a0\u00bb background_color_gradient_end=\u00a0\u00bbrgba(8,70,102,0.8)\u00a0\u00bb background_image=\u00a0\u00bbhttp:\/\/bsmc.cultura.gov.it\/wp-content\/uploads\/2022\/06\/biblioteca.jpg\u00a0\u00bb custom_padding=\u00a0\u00bb|||\u00a0\u00bb da_disable_devices=\u00a0\u00bboff|off|off\u00a0\u00bb global_colors_info=\u00a0\u00bb{}\u00a0\u00bb da_is_popup=\u00a0\u00bboff\u00a0\u00bb da_exit_intent=\u00a0\u00bboff\u00a0\u00bb da_has_close=\u00a0\u00bbon\u00a0\u00bb da_alt_close=\u00a0\u00bboff\u00a0\u00bb da_dark_close=\u00a0\u00bboff\u00a0\u00bb da_not_modal=\u00a0\u00bbon\u00a0\u00bb da_is_singular=\u00a0\u00bboff\u00a0\u00bb da_with_loader=\u00a0\u00bboff\u00a0\u00bb da_has_shadow=\u00a0\u00bbon\u00a0\u00bb][et_pb_row _builder_version=\u00a0\u00bb4.16&Prime; _module_preset=\u00a0\u00bbdefault\u00a0\u00bb background_size=\u00a0\u00bbinitial\u00a0\u00bb background_position=\u00a0\u00bbtop_left\u00a0\u00bb background_repeat=\u00a0\u00bbrepeat\u00a0\u00bb custom_padding=\u00a0\u00bb27px|0px|27px|0px|false|false\u00a0\u00bb global_colors_info=\u00a0\u00bb{}\u00a0\u00bb][et_pb_column type=\u00a0\u00bb4_4&Prime; _builder_version=\u00a0\u00bb4.16&Prime; _module_preset=\u00a0\u00bbdefault\u00a0\u00bb custom_padding=\u00a0\u00bb|||\u00a0\u00bb global_colors_info=\u00a0\u00bb{}\u00a0\u00bb custom_padding__hover=\u00a0\u00bb|||\u00a0\u00bb][et_pb_text _builder_version=\u00a0\u00bb4.17.4&Prime; _module_preset=\u00a0\u00bbdefault\u00a0\u00bb text_font=\u00a0\u00bb||||||||\u00a0\u00bb text_font_size=\u00a0\u00bb20px\u00a0\u00bb text_line_height=\u00a0\u00bb1.8em\u00a0\u00bb header_font=\u00a0\u00bbOpen Sans|800|||||||\u00a0\u00bb header_font_size=\u00a0\u00bb60px\u00a0\u00bb header_line_height=\u00a0\u00bb1.3em\u00a0\u00bb background_size=\u00a0\u00bbinitial\u00a0\u00bb background_position=\u00a0\u00bbtop_left\u00a0\u00bb background_repeat=\u00a0\u00bbrepeat\u00a0\u00bb background_layout=\u00a0\u00bbdark\u00a0\u00bb max_width=\u00a0\u00bb600px\u00a0\u00bb custom_margin=\u00a0\u00bb|||\u00a0\u00bb custom_margin_tablet=\u00a0\u00bb|100px||\u00a0\u00bb custom_margin_phone=\u00a0\u00bb|30px||\u00a0\u00bb custom_margin_last_edited=\u00a0\u00bboff|desktop\u00a0\u00bb header_font_size_tablet=\u00a0\u00bb50px\u00a0\u00bb header_font_size_phone=\u00a0\u00bb40px\u00a0\u00bb header_font_size_last_edited=\u00a0\u00bbon|phone\u00a0\u00bb header_line_height_tablet=\u00a0\u00bb\u00a0\u00bb header_line_height_phone=\u00a0\u00bb\u00a0\u00bb header_line_height_last_edited=\u00a0\u00bbon|desktop\u00a0\u00bb global_colors_info=\u00a0\u00bb{}\u00a0\u00bb]<\/p>\n<h1>Catalogues<\/h1>\n<p><b>Catalogue g\u00e9n\u00e9ral, catalogues th\u00e9matiques, copie papier.<\/b><\/p>\n<p>[\/et_pb_text][\/et_pb_column][\/et_pb_row][\/et_pb_section][et_pb_section fb_built=\u00a0\u00bb1&Prime; custom_padding_last_edited=\u00a0\u00bboff|desktop\u00a0\u00bb admin_label=\u00a0\u00bbStatistics\u00a0\u00bb _builder_version=\u00a0\u00bb4.16&Prime; _module_preset=\u00a0\u00bbdefault\u00a0\u00bb background_color=\u00a0\u00bb#f6f8fa\u00a0\u00bb custom_padding=\u00a0\u00bb54px|0px|54px|0px|false|false\u00a0\u00bb custom_padding_phone=\u00a0\u00bb50px||50px|\u00a0\u00bb da_disable_devices=\u00a0\u00bboff|off|off\u00a0\u00bb global_colors_info=\u00a0\u00bb{}\u00a0\u00bb da_is_popup=\u00a0\u00bboff\u00a0\u00bb da_exit_intent=\u00a0\u00bboff\u00a0\u00bb da_has_close=\u00a0\u00bbon\u00a0\u00bb da_alt_close=\u00a0\u00bboff\u00a0\u00bb da_dark_close=\u00a0\u00bboff\u00a0\u00bb da_not_modal=\u00a0\u00bbon\u00a0\u00bb da_is_singular=\u00a0\u00bboff\u00a0\u00bb da_with_loader=\u00a0\u00bboff\u00a0\u00bb da_has_shadow=\u00a0\u00bbon\u00a0\u00bb][et_pb_row _builder_version=\u00a0\u00bb4.16&Prime; _module_preset=\u00a0\u00bbdefault\u00a0\u00bb custom_padding=\u00a0\u00bb27px|0px|0|0px|false|false\u00a0\u00bb global_colors_info=\u00a0\u00bb{}\u00a0\u00bb][et_pb_column type=\u00a0\u00bb4_4&Prime; _builder_version=\u00a0\u00bb4.16&Prime; _module_preset=\u00a0\u00bbdefault\u00a0\u00bb custom_padding=\u00a0\u00bb|||\u00a0\u00bb global_colors_info=\u00a0\u00bb{}\u00a0\u00bb custom_padding__hover=\u00a0\u00bb|||\u00a0\u00bb][et_pb_text _builder_version=\u00a0\u00bb4.17.4&Prime; _module_preset=\u00a0\u00bbdefault\u00a0\u00bb text_font=\u00a0\u00bb||||||||\u00a0\u00bb text_font_size=\u00a0\u00bb16px\u00a0\u00bb text_line_height=\u00a0\u00bb2em\u00a0\u00bb header_font=\u00a0\u00bb||||||||\u00a0\u00bb header_2_font=\u00a0\u00bbMontserrat|800|||||||\u00a0\u00bb header_2_font_size=\u00a0\u00bb30px\u00a0\u00bb header_2_line_height=\u00a0\u00bb1.5em\u00a0\u00bb header_3_font=\u00a0\u00bb||||||||\u00a0\u00bb header_4_font=\u00a0\u00bb||||||||\u00a0\u00bb max_width_tablet=\u00a0\u00bb700px\u00a0\u00bb max_width_phone=\u00a0\u00bb700px\u00a0\u00bb max_width_last_edited=\u00a0\u00bboff|desktop\u00a0\u00bb custom_margin=\u00a0\u00bb|||\u00a0\u00bb custom_margin_tablet=\u00a0\u00bb|0px||\u00a0\u00bb custom_margin_phone=\u00a0\u00bb|0px||\u00a0\u00bb custom_margin_last_edited=\u00a0\u00bboff|desktop\u00a0\u00bb custom_padding=\u00a0\u00bb20px|||\u00a0\u00bb header_2_font_size_tablet=\u00a0\u00bb30px\u00a0\u00bb header_2_font_size_phone=\u00a0\u00bb20px\u00a0\u00bb header_2_font_size_last_edited=\u00a0\u00bbon|phone\u00a0\u00bb border_color_all=\u00a0\u00bb#E02B20&Prime; border_width_top=\u00a0\u00bb2px\u00a0\u00bb locked=\u00a0\u00bboff\u00a0\u00bb global_colors_info=\u00a0\u00bb{}\u00a0\u00bb]<\/p>\n<h2>Catalogues<\/h2>\n<p>[\/et_pb_text][\/et_pb_column][\/et_pb_row][et_pb_row _builder_version=\u00a0\u00bb4.16&Prime; _module_preset=\u00a0\u00bbdefault\u00a0\u00bb custom_padding=\u00a0\u00bb0|0px|27px|0px|false|false\u00a0\u00bb global_colors_info=\u00a0\u00bb{}\u00a0\u00bb][et_pb_column type=\u00a0\u00bb4_4&Prime; _builder_version=\u00a0\u00bb4.16&Prime; _module_preset=\u00a0\u00bbdefault\u00a0\u00bb custom_padding=\u00a0\u00bb|||\u00a0\u00bb global_colors_info=\u00a0\u00bb{}\u00a0\u00bb custom_padding__hover=\u00a0\u00bb|||\u00a0\u00bb][et_pb_text _builder_version=\u00a0\u00bb4.17.4&Prime; _module_preset=\u00a0\u00bbdefault\u00a0\u00bb text_font=\u00a0\u00bb||||||||\u00a0\u00bb text_font_size=\u00a0\u00bb16px\u00a0\u00bb text_line_height=\u00a0\u00bb2em\u00a0\u00bb header_font=\u00a0\u00bb||||||||\u00a0\u00bb header_2_font=\u00a0\u00bbMontserrat|800|||||||\u00a0\u00bb header_2_font_size=\u00a0\u00bb30px\u00a0\u00bb header_2_line_height=\u00a0\u00bb1.5em\u00a0\u00bb header_3_font=\u00a0\u00bb||||||||\u00a0\u00bb header_4_font=\u00a0\u00bb||||||||\u00a0\u00bb max_width_tablet=\u00a0\u00bb700px\u00a0\u00bb max_width_phone=\u00a0\u00bb700px\u00a0\u00bb max_width_last_edited=\u00a0\u00bboff|desktop\u00a0\u00bb custom_margin=\u00a0\u00bb|||\u00a0\u00bb custom_margin_tablet=\u00a0\u00bb|0px||\u00a0\u00bb custom_margin_phone=\u00a0\u00bb|0px||\u00a0\u00bb custom_margin_last_edited=\u00a0\u00bboff|desktop\u00a0\u00bb custom_padding=\u00a0\u00bb20px|||\u00a0\u00bb header_2_font_size_tablet=\u00a0\u00bb30px\u00a0\u00bb header_2_font_size_phone=\u00a0\u00bb20px\u00a0\u00bb header_2_font_size_last_edited=\u00a0\u00bbon|phone\u00a0\u00bb locked=\u00a0\u00bboff\u00a0\u00bb global_colors_info=\u00a0\u00bb{}\u00a0\u00bb]<\/p>\n<p><span class=\"unnamed2\"><span><strong><\/strong><\/span><\/span><\/p>\n<p><span class=\"unnamed2\"><span><strong>Les catalogues dans lesquels les fonds de la Biblioth\u00e8que sont d\u00e9crits sont les suivants : <\/strong><\/span> <\/span><\/p>\n<p class=\"unnamed2\"><strong>&#8211; <a href=\"https:\/\/cloud.sbn.it\/opac2\/IEI\/02\/ricercaAvanzata\">Catalogue g\u00e9n\u00e9ral en ligne<\/a> <\/strong><a href=\"https:\/\/cloud.sbn.it\/opac2\/IEI\/02\/ricercaAvanzata\"> <i class=\"fa fa-external-link\" aria-hidden=\"true\"><\/i><\/a><\/p>\n<p class=\"unnamed2\">Comprend les publications monographiques, les p\u00e9riodiques, courants et \u00e9puis\u00e9s, les autres documents imprim\u00e9s appartenant \u00e0 la biblioth\u00e8que (affiches, cartes postales, photographies, etc.).<\/p>\n<p class=\"unnamed2\">&#8211; <strong>Catalogues th\u00e9matiques<\/strong><\/p>\n<p class=\"unnamed2\">Plusieurs catalogues publi\u00e9s par la Biblioth\u00e8que sont disponibles pour illustrer ses collections, notamment en ce qui concerne la presse p\u00e9riodique. Il existe des catalogues illustrant les <em>P\u00e9riodiques des XVIIIe et XIXe si\u00e8cles<\/em>, les <em>P\u00e9riodiques italiens 1914-1919,<\/em> les <em>P\u00e9riodiques italiens 1943-1950<\/em>, <em>les Journaux de l&rsquo;\u00e9migration (1914-1919)<\/em>, ainsi que de nombreux autres r\u00e9pertoires et catalogues de fonds sp\u00e9cifiques.<\/p>\n<p class=\"unnamed2\">&#8211;<strong> Catalogues imprim\u00e9s<\/strong> <\/p>\n<p class=\"unnamed2\">&#8211; catalogue alphab\u00e9tique des auteurs et des sujets jusqu&rsquo;en 1992. Les grandes rubriques (Italie, France, etc.) sont class\u00e9es selon un plan syst\u00e9matique et alphab\u00e9tique ;<br \/>&#8211; Catalogue sur fiches des p\u00e9riodiques du 20e si\u00e8cle ;<br \/>&#8211; catalogue sur fiches des p\u00e9riodiques des 18e et 19e si\u00e8cles ;<br \/>&#8211; catalogue de la collection Mazziniana<br \/>&#8211; catalogue de la collection Foscoliana<br \/>&#8211; catalogue de la collection Guerrazzi<br \/>&#8211; catalogue de cartes<br \/>&#8211; catalogue d&rsquo;avis et d&rsquo;affiches<br \/>&#8211; catalogue de partitions musicales.<\/p>\n<h2><\/h2>\n<p class=\"unnamed2\"><strong><\/strong><\/p>\n<p>[\/et_pb_text][et_pb_text _builder_version=\u00a0\u00bb4.17.4&Prime; _module_preset=\u00a0\u00bbdefault\u00a0\u00bb text_font=\u00a0\u00bb||||||||\u00a0\u00bb text_font_size=\u00a0\u00bb16px\u00a0\u00bb text_line_height=\u00a0\u00bb2em\u00a0\u00bb header_font=\u00a0\u00bb||||||||\u00a0\u00bb header_2_font=\u00a0\u00bbMontserrat|800|||||||\u00a0\u00bb header_2_font_size=\u00a0\u00bb30px\u00a0\u00bb header_2_line_height=\u00a0\u00bb1.5em\u00a0\u00bb header_3_font=\u00a0\u00bb||||||||\u00a0\u00bb header_4_font=\u00a0\u00bb||||||||\u00a0\u00bb max_width_tablet=\u00a0\u00bb700px\u00a0\u00bb max_width_phone=\u00a0\u00bb700px\u00a0\u00bb max_width_last_edited=\u00a0\u00bboff|desktop\u00a0\u00bb min_height=\u00a0\u00bb165px\u00a0\u00bb custom_margin=\u00a0\u00bb|||\u00a0\u00bb custom_margin_tablet=\u00a0\u00bb|0px||\u00a0\u00bb custom_margin_phone=\u00a0\u00bb|0px||\u00a0\u00bb custom_margin_last_edited=\u00a0\u00bboff|desktop\u00a0\u00bb custom_padding=\u00a0\u00bb6px|||||\u00a0\u00bb header_2_font_size_tablet=\u00a0\u00bb30px\u00a0\u00bb header_2_font_size_phone=\u00a0\u00bb20px\u00a0\u00bb header_2_font_size_last_edited=\u00a0\u00bbon|phone\u00a0\u00bb locked=\u00a0\u00bboff\u00a0\u00bb global_colors_info=\u00a0\u00bb{}\u00a0\u00bb][\/et_pb_text][\/et_pb_column][\/et_pb_row][\/et_pb_section]<\/p>\n","protected":false},"excerpt":{"rendered":"<p>Catalogues Catalogue g\u00e9n\u00e9ral, catalogues th\u00e9matiques, copie papier.Catalogues Les catalogues dans lesquels les fonds de la Biblioth\u00e8que sont d\u00e9crits sont les suivants : &#8211; Catalogue g\u00e9n\u00e9ral en ligne Comprend les publications [&hellip;]<\/p>\n","protected":false},"author":2,"featured_media":0,"parent":0,"menu_order":0,"comment_status":"closed","ping_status":"closed","template":"","meta":{"_et_pb_use_builder":"on","_et_pb_old_content":"","_et_gb_content_width":"","footnotes":""},"class_list":["post-258353","page","type-page","status-publish","hentry"],"yoast_head":"<!-- This site is optimized with the Yoast SEO plugin v27.4 - https:\/\/yoast.com\/product\/yoast-seo-wordpress\/ -->\n<title>CATALOGUES - Biblioteca di Storia Moderna e Contemporanea<\/title>\n<meta name=\"robots\" content=\"index, follow, max-snippet:-1, max-image-preview:large, max-video-preview:-1\" \/>\n<link rel=\"canonical\" href=\"https:\/\/bsmc.cultura.gov.it\/fr\/catalogues\/\" \/>\n<meta property=\"og:locale\" content=\"fr_FR\" \/>\n<meta property=\"og:type\" content=\"article\" \/>\n<meta property=\"og:title\" content=\"CATALOGUES - Biblioteca di Storia Moderna e Contemporanea\" \/>\n<meta property=\"og:description\" content=\"Catalogues Catalogue g\u00e9n\u00e9ral, catalogues th\u00e9matiques, copie papier.Catalogues Les catalogues dans lesquels les fonds de la Biblioth\u00e8que sont d\u00e9crits sont les suivants : - Catalogue g\u00e9n\u00e9ral en ligne Comprend les publications [&hellip;]\" \/>\n<meta property=\"og:url\" content=\"https:\/\/bsmc.cultura.gov.it\/fr\/catalogues\/\" \/>\n<meta property=\"og:site_name\" content=\"Biblioteca di Storia Moderna e Contemporanea\" \/>\n<meta property=\"article:modified_time\" content=\"2024-12-03T14:37:05+00:00\" \/>\n<meta name=\"twitter:card\" content=\"summary_large_image\" \/>\n<meta name=\"twitter:label1\" content=\"Dur\u00e9e de lecture estim\u00e9e\" \/>\n\t<meta name=\"twitter:data1\" content=\"5 minutes\" \/>\n<script type=\"application\/ld+json\" class=\"yoast-schema-graph\">{\"@context\":\"https:\\\/\\\/schema.org\",\"@graph\":[{\"@type\":\"WebPage\",\"@id\":\"https:\\\/\\\/bsmc.cultura.gov.it\\\/fr\\\/catalogues\\\/\",\"url\":\"https:\\\/\\\/bsmc.cultura.gov.it\\\/fr\\\/catalogues\\\/\",\"name\":\"CATALOGUES - Biblioteca di Storia Moderna e Contemporanea\",\"isPartOf\":{\"@id\":\"https:\\\/\\\/bsmc.cultura.gov.it\\\/fr\\\/#website\"},\"datePublished\":\"2022-06-27T05:58:00+00:00\",\"dateModified\":\"2024-12-03T14:37:05+00:00\",\"breadcrumb\":{\"@id\":\"https:\\\/\\\/bsmc.cultura.gov.it\\\/fr\\\/catalogues\\\/#breadcrumb\"},\"inLanguage\":\"fr-FR\",\"potentialAction\":[{\"@type\":\"ReadAction\",\"target\":[\"https:\\\/\\\/bsmc.cultura.gov.it\\\/fr\\\/catalogues\\\/\"]}]},{\"@type\":\"BreadcrumbList\",\"@id\":\"https:\\\/\\\/bsmc.cultura.gov.it\\\/fr\\\/catalogues\\\/#breadcrumb\",\"itemListElement\":[{\"@type\":\"ListItem\",\"position\":1,\"name\":\"Home\",\"item\":\"https:\\\/\\\/bsmc.cultura.gov.it\\\/fr\\\/\"},{\"@type\":\"ListItem\",\"position\":2,\"name\":\"CATALOGUES\"}]},{\"@type\":\"WebSite\",\"@id\":\"https:\\\/\\\/bsmc.cultura.gov.it\\\/fr\\\/#website\",\"url\":\"https:\\\/\\\/bsmc.cultura.gov.it\\\/fr\\\/\",\"name\":\"Biblioteca di Storia Moderna e Contemporanea\",\"description\":\"DGBID\",\"potentialAction\":[{\"@type\":\"SearchAction\",\"target\":{\"@type\":\"EntryPoint\",\"urlTemplate\":\"https:\\\/\\\/bsmc.cultura.gov.it\\\/fr\\\/?s={search_term_string}\"},\"query-input\":{\"@type\":\"PropertyValueSpecification\",\"valueRequired\":true,\"valueName\":\"search_term_string\"}}],\"inLanguage\":\"fr-FR\"}]}<\/script>\n<!-- \/ Yoast SEO plugin. -->","yoast_head_json":{"title":"CATALOGUES - Biblioteca di Storia Moderna e Contemporanea","robots":{"index":"index","follow":"follow","max-snippet":"max-snippet:-1","max-image-preview":"max-image-preview:large","max-video-preview":"max-video-preview:-1"},"canonical":"https:\/\/bsmc.cultura.gov.it\/fr\/catalogues\/","og_locale":"fr_FR","og_type":"article","og_title":"CATALOGUES - Biblioteca di Storia Moderna e Contemporanea","og_description":"Catalogues Catalogue g\u00e9n\u00e9ral, catalogues th\u00e9matiques, copie papier.Catalogues Les catalogues dans lesquels les fonds de la Biblioth\u00e8que sont d\u00e9crits sont les suivants : - Catalogue g\u00e9n\u00e9ral en ligne Comprend les publications [&hellip;]","og_url":"https:\/\/bsmc.cultura.gov.it\/fr\/catalogues\/","og_site_name":"Biblioteca di Storia Moderna e Contemporanea","article_modified_time":"2024-12-03T14:37:05+00:00","twitter_card":"summary_large_image","twitter_misc":{"Dur\u00e9e de lecture estim\u00e9e":"5 minutes"},"schema":{"@context":"https:\/\/schema.org","@graph":[{"@type":"WebPage","@id":"https:\/\/bsmc.cultura.gov.it\/fr\/catalogues\/","url":"https:\/\/bsmc.cultura.gov.it\/fr\/catalogues\/","name":"CATALOGUES - Biblioteca di Storia Moderna e Contemporanea","isPartOf":{"@id":"https:\/\/bsmc.cultura.gov.it\/fr\/#website"},"datePublished":"2022-06-27T05:58:00+00:00","dateModified":"2024-12-03T14:37:05+00:00","breadcrumb":{"@id":"https:\/\/bsmc.cultura.gov.it\/fr\/catalogues\/#breadcrumb"},"inLanguage":"fr-FR","potentialAction":[{"@type":"ReadAction","target":["https:\/\/bsmc.cultura.gov.it\/fr\/catalogues\/"]}]},{"@type":"BreadcrumbList","@id":"https:\/\/bsmc.cultura.gov.it\/fr\/catalogues\/#breadcrumb","itemListElement":[{"@type":"ListItem","position":1,"name":"Home","item":"https:\/\/bsmc.cultura.gov.it\/fr\/"},{"@type":"ListItem","position":2,"name":"CATALOGUES"}]},{"@type":"WebSite","@id":"https:\/\/bsmc.cultura.gov.it\/fr\/#website","url":"https:\/\/bsmc.cultura.gov.it\/fr\/","name":"Biblioteca di Storia Moderna e Contemporanea","description":"DGBID","potentialAction":[{"@type":"SearchAction","target":{"@type":"EntryPoint","urlTemplate":"https:\/\/bsmc.cultura.gov.it\/fr\/?s={search_term_string}"},"query-input":{"@type":"PropertyValueSpecification","valueRequired":true,"valueName":"search_term_string"}}],"inLanguage":"fr-FR"}]}},"_links":{"self":[{"href":"https:\/\/bsmc.cultura.gov.it\/fr\/wp-json\/wp\/v2\/pages\/258353","targetHints":{"allow":["GET"]}}],"collection":[{"href":"https:\/\/bsmc.cultura.gov.it\/fr\/wp-json\/wp\/v2\/pages"}],"about":[{"href":"https:\/\/bsmc.cultura.gov.it\/fr\/wp-json\/wp\/v2\/types\/page"}],"author":[{"embeddable":true,"href":"https:\/\/bsmc.cultura.gov.it\/fr\/wp-json\/wp\/v2\/users\/2"}],"replies":[{"embeddable":true,"href":"https:\/\/bsmc.cultura.gov.it\/fr\/wp-json\/wp\/v2\/comments?post=258353"}],"version-history":[{"count":2,"href":"https:\/\/bsmc.cultura.gov.it\/fr\/wp-json\/wp\/v2\/pages\/258353\/revisions"}],"predecessor-version":[{"id":258355,"href":"https:\/\/bsmc.cultura.gov.it\/fr\/wp-json\/wp\/v2\/pages\/258353\/revisions\/258355"}],"wp:attachment":[{"href":"https:\/\/bsmc.cultura.gov.it\/fr\/wp-json\/wp\/v2\/media?parent=258353"}],"curies":[{"name":"wp","href":"https:\/\/api.w.org\/{rel}","templated":true}]}}